{"id":3,"date":"2021-02-23T16:27:03","date_gmt":"2021-02-23T15:27:03","guid":{"rendered":"http:\/\/obstinato.fr\/?page_id=3"},"modified":"2021-03-09T17:14:26","modified_gmt":"2021-03-09T16:14:26","slug":"politique-de-confidentialite","status":"publish","type":"page","link":"https:\/\/obstinato.fr\/en\/politique-de-confidentialite\/","title":{"rendered":"Privacy Policy"},"content":{"rendered":"\t\t<div data-elementor-type=\"wp-page\" data-elementor-id=\"3\" class=\"elementor elementor-3\" data-elementor-post-type=\"page\">\n\t\t\t\t<section class=\"elementor-section elementor-top-section elementor-element elementor-element-3d8d0352 elementor-section-boxed elementor-section-height-default elementor-section-height-default\" data-id=\"3d8d0352\" data-element_type=\"section\" data-e-type=\"section\">\n\t\t\t\t\t\t<div class=\"elementor-container elementor-column-gap-default\">\n\t\t\t\t\t<div class=\"elementor-column elementor-col-100 elementor-top-column elementor-element elementor-element-30601eff\" data-id=\"30601eff\" data-element_type=\"column\" data-e-type=\"column\">\n\t\t\t<div class=\"elementor-widget-wrap elementor-element-populated\">\n\t\t\t\t\t\t<div class=\"elementor-element elementor-element-4dd3b942 elementor-widget elementor-widget-text-editor\" data-id=\"4dd3b942\" data-element_type=\"widget\" data-e-type=\"widget\" data-widget_type=\"text-editor.default\">\n\t\t\t\t<div class=\"elementor-widget-container\">\n\t\t\t\t\t\t\t\t\t<p><\/p>\n<h2 class=\"wp-block-heading\">Utilisation des donn\u00e9es personnelles collect\u00e9es<\/h2>\n<p><\/p>\n<p><\/p>\n<div>Obstinato s\u2019engage, conform\u00e9ment \u00e0 la r\u00e8glementation RGPD, \u00e0&nbsp;respecter votre vie priv\u00e9e et \u00e0 prot\u00e9ger vos donn\u00e9es \u00e0 caract\u00e8re personnel, c\u2019est \u00e0 dire&nbsp;susceptible de vous identifier directement ou<br>indirectement en tant que&nbsp;personne.<\/div>\n<div>&nbsp;<\/div>\n<h2><strong>Traitement des donn\u00e9es \u00e0 caract\u00e8re personnel<\/strong><\/h2>\n<p><\/p>\n<p>Conform\u00e9ment aux dispositions de la loi \u00ab&nbsp;Informatique et Libert\u00e9s&nbsp;\u00bb n\u00b0&nbsp;78-17 du 6 janvier 1978, modifi\u00e9e par la loi du 6 ao\u00fbt 2004, et relative \u00e0 l\u2019informatique, aux fichiers et aux libert\u00e9s, l\u2019utilisateur dispose d\u2019un droit d\u2019acc\u00e8s, de modification, de rectification et de suppression des donn\u00e9es qui le concerne. L\u2019utilisateur peut exercer ce droit en envoyant un mail \u00e0 <a href=\"mailto:obstinato.communication@gmail.com\" target=\"_blank\" rel=\"noopener\">obstinato.communication[@]gmail.com<\/a><\/p>\n<p><\/p>\n<h2>Cookies<br><\/h2>\n<p><\/p>\n<p><span><\/span><\/p>\n<p>Lors de la consultation du site <a href=\"https:\/\/obstinato.fr\" target=\"_blank\">https:\/\/obstinato.fr<\/a>, des \u00ab&nbsp;cookies&nbsp;\u00bb peuvent \u00eatre d\u00e9pos\u00e9s sur l\u2019ordinateur, le mobile ou la tablette de l\u2019utilisateur. Un \u00ab&nbsp;cookie&nbsp;\u00bb est un \u00e9l\u00e9ment (fichier texte) qui ne permet pas d&rsquo;identifier l&rsquo;utilisateur mais sert \u00e0 enregistrer des informations relatives \u00e0 la navigation de celui-ci sur le site. Aucune donn\u00e9e personnelle identifiable n\u2019est cependant enregistr\u00e9e avec les \u00ab&nbsp;cookies&nbsp;\u00bb. Le site Obstinato utilise des cookies indispensables \u00e0 la navigation. Ils<br>vous permettent d\u2019utiliser les principales fonctionnalit\u00e9s. Sans ces cookies vous ne pourrez utiliser normalement le site, nous vous d\u00e9conseillons de les supprimer.<\/p>\n<p>Cat\u00e9gorie : N\u00e9cessaires (1)<br>\u2014 Elementor : utilis\u00e9 dans le cadre du th\u00e8me WordPress du site web (Permanent). Le cookie permet au propri\u00e9taire du site web de mettre en \u0153uvre ou modifier le contenu du site web en temps r\u00e9el.<\/p>\n<p>Cat\u00e9gorie : Marketing (14)<br>Les cookies marketing sont utilis\u00e9s pour effectuer le suivi des visiteurs au travers des sites web. Le but est d&rsquo;afficher des publicit\u00e9s qui sont pertinentes et int\u00e9ressantes pour l&rsquo;utilisateur individuel et donc plus pr\u00e9cieuses pour les \u00e9diteurs et annonceurs tiers.<br>\u2014 10 cookies sont utilis\u00e9s par YouTube lors de l&rsquo;int\u00e9gration des vid\u00e9os : <br>YSC youtube.com HTTP \u2014 Session<br>yt.innertube::nextId youtube.com HTML Persistent<br>yt.innertube::requests youtube.com HTML Persistent<br>yt-remote-cast-installed youtube.com HTML Session<br>yt-remote-connected-devices youtube.com HTML Persistent<br>yt-remote-device-id youtube.com HTML Persistent<br>yt-remote-fast-check-period youtube.com HTML Session<br>yt-remote-session-app youtube.com HTML Session<br>yt-remote-session-name youtube.com HTML Session<br>VISITOR_INFO1_LIVE youtube.com HTTP 179 jours<br><br>\u2014 1 cookie utilis\u00e9 par Soundcloud : WIDGET::local::assignments soundcloud.com HTML Persistent<br>\u2014 2 cookies utilis\u00e9 par Google : IDE doubleclick.net HTTP 1 ann\u00e9e et test_cookie doubleclick.net HTTP 1 jour<br>\u2014 1 cookie utilis\u00e9 par MailChimp pour l&rsquo;inscription \u00e0 la newsletter<br>mailchimp_landing_site : Enregistre le mode d\u2018entr\u00e9e de l\u2019internaute sur le site web \u2013 Cette fonction est fournie par Mailchimp (27 jours)\n<\/p>\n<h2>&nbsp;<strong>Param\u00e9trage des navigateurs Internet<\/strong><\/h2>\n<p>Vous pouvez d\u00e9sactiver les \u00ab&nbsp;cookies&nbsp;\u00bb par l&rsquo;interm\u00e9diaire des param\u00e8tres figurant au sein de son navigateur Internet. Vous pouvez ainsi \u00eatre alert\u00e9 pr\u00e9alablement \u00e0 l\u2019installation de \u00ab&nbsp;cookies&nbsp;\u00bb. Vous pouvez \u00e9galement&nbsp; vous opposer \u00e0 la m\u00e9morisation de \u00ab&nbsp;cookies&nbsp;\u00bb en configurant votre navigateur et en supprimant les \u00ab&nbsp;cookies&nbsp;\u00bb d\u00e9j\u00e0 m\u00e9moris\u00e9s.&nbsp; <br><\/p>\n<h2>Contenu embarqu\u00e9 depuis d\u2019autres sites<br><\/h2>\n<p><\/p>\n<p>Les articles de ce site peuvent inclure des contenus int\u00e9gr\u00e9s (par exemple des vid\u00e9os, images, articles\u2026). Le contenu int\u00e9gr\u00e9 depuis d\u2019autres sites se comporte de la m\u00eame mani\u00e8re que si le visiteur se rendait sur cet autre site.<\/p>\n<p><\/p>\n<p>Ces sites web pourraient collecter des donn\u00e9es sur vous, utiliser des cookies, embarquer des outils de suivis tiers, suivre vos interactions avec ces contenus embarqu\u00e9s si vous disposez d\u2019un compte connect\u00e9 sur leur site web.&nbsp; <br><\/p>\t\t\t\t\t\t\t\t<\/div>\n\t\t\t\t<\/div>\n\t\t\t\t\t<\/div>\n\t\t<\/div>\n\t\t\t\t\t<\/div>\n\t\t<\/section>\t\t<\/div>\n\t\t","protected":false},"excerpt":{"rendered":"<p>Utilisation des donn\u00e9es personnelles collect\u00e9es Obstinato s\u2019engage, conform\u00e9ment \u00e0 la r\u00e8glementation RGPD, \u00e0&nbsp;respecter votre vie priv\u00e9e et \u00e0 prot\u00e9ger vos donn\u00e9es \u00e0 caract\u00e8re personnel, c\u2019est \u00e0 dire&nbsp;susceptible de vous identifier [&hellip;]<\/p>\n","protected":false},"author":1,"featured_media":0,"parent":0,"menu_order":0,"comment_status":"closed","ping_status":"open","template":"","meta":{"ocean_post_layout":"","ocean_both_sidebars_style":"","ocean_both_sidebars_content_width":0,"ocean_both_sidebars_sidebars_width":0,"ocean_sidebar":"0","ocean_second_sidebar":"0","ocean_disable_margins":"enable","ocean_add_body_class":"","ocean_shortcode_before_top_bar":"","ocean_shortcode_after_top_bar":"","ocean_shortcode_before_header":"","ocean_shortcode_after_header":"","ocean_has_shortcode":"","ocean_shortcode_after_title":"","ocean_shortcode_before_footer_widgets":"","ocean_shortcode_after_footer_widgets":"","ocean_shortcode_before_footer_bottom":"","ocean_shortcode_after_footer_bottom":"","ocean_display_top_bar":"default","ocean_display_header":"default","ocean_header_style":"","ocean_center_header_left_menu":"0","ocean_custom_header_template":"0","ocean_custom_logo":0,"ocean_custom_retina_logo":0,"ocean_custom_logo_max_width":0,"ocean_custom_logo_tablet_max_width":0,"ocean_custom_logo_mobile_max_width":0,"ocean_custom_logo_max_height":0,"ocean_custom_logo_tablet_max_height":0,"ocean_custom_logo_mobile_max_height":0,"ocean_header_custom_menu":"0","ocean_menu_typo_font_family":"0","ocean_menu_typo_font_subset":"","ocean_menu_typo_font_size":0,"ocean_menu_typo_font_size_tablet":0,"ocean_menu_typo_font_size_mobile":0,"ocean_menu_typo_font_size_unit":"px","ocean_menu_typo_font_weight":"","ocean_menu_typo_font_weight_tablet":"","ocean_menu_typo_font_weight_mobile":"","ocean_menu_typo_transform":"","ocean_menu_typo_transform_tablet":"","ocean_menu_typo_transform_mobile":"","ocean_menu_typo_line_height":0,"ocean_menu_typo_line_height_tablet":0,"ocean_menu_typo_line_height_mobile":0,"ocean_menu_typo_line_height_unit":"","ocean_menu_typo_spacing":0,"ocean_menu_typo_spacing_tablet":0,"ocean_menu_typo_spacing_mobile":0,"ocean_menu_typo_spacing_unit":"","ocean_menu_link_color":"","ocean_menu_link_color_hover":"","ocean_menu_link_color_active":"","ocean_menu_link_background":"","ocean_menu_link_hover_background":"","ocean_menu_link_active_background":"","ocean_menu_social_links_bg":"","ocean_menu_social_hover_links_bg":"","ocean_menu_social_links_color":"","ocean_menu_social_hover_links_color":"","ocean_disable_title":"default","ocean_disable_heading":"default","ocean_post_title":"","ocean_post_subheading":"","ocean_post_title_style":"","ocean_post_title_background_color":"","ocean_post_title_background":0,"ocean_post_title_bg_image_position":"","ocean_post_title_bg_image_attachment":"","ocean_post_title_bg_image_repeat":"","ocean_post_title_bg_image_size":"","ocean_post_title_height":0,"ocean_post_title_bg_overlay":0.5,"ocean_post_title_bg_overlay_color":"","ocean_disable_breadcrumbs":"default","ocean_breadcrumbs_color":"","ocean_breadcrumbs_separator_color":"","ocean_breadcrumbs_links_color":"","ocean_breadcrumbs_links_hover_color":"","ocean_display_footer_widgets":"default","ocean_display_footer_bottom":"default","ocean_custom_footer_template":"0","footnotes":""},"class_list":["post-3","page","type-page","status-publish","hentry","entry","owp-thumbs-layout-horizontal","owp-btn-normal","owp-tabs-layout-horizontal","has-no-thumbnails","has-product-nav"],"yoast_head":"<!-- This site is optimized with the Yoast SEO plugin v25.6 - https:\/\/yoast.com\/wordpress\/plugins\/seo\/ -->\n<title>Politique de confidentialit\u00e9 - Obstinato<\/title>\n<meta name=\"robots\" content=\"index, follow, max-snippet:-1, max-image-preview:large, max-video-preview:-1\" \/>\n<link rel=\"canonical\" href=\"https:\/\/obstinato.fr\/en\/politique-de-confidentialite\/\" \/>\n<meta property=\"og:locale\" content=\"en_GB\" \/>\n<meta property=\"og:type\" content=\"article\" \/>\n<meta property=\"og:title\" content=\"Politique de confidentialit\u00e9 - Obstinato\" \/>\n<meta property=\"og:description\" content=\"Utilisation des donn\u00e9es personnelles collect\u00e9es Obstinato s\u2019engage, conform\u00e9ment \u00e0 la r\u00e8glementation RGPD, \u00e0&nbsp;respecter votre vie priv\u00e9e et \u00e0 prot\u00e9ger vos donn\u00e9es \u00e0 caract\u00e8re personnel, c\u2019est \u00e0 dire&nbsp;susceptible de vous identifier [&hellip;]\" \/>\n<meta property=\"og:url\" content=\"https:\/\/obstinato.fr\/en\/politique-de-confidentialite\/\" \/>\n<meta property=\"og:site_name\" content=\"Obstinato\" \/>\n<meta property=\"article:modified_time\" content=\"2021-03-09T16:14:26+00:00\" \/>\n<meta name=\"twitter:card\" content=\"summary_large_image\" \/>\n<meta name=\"twitter:label1\" content=\"Estimated reading time\" \/>\n\t<meta name=\"twitter:data1\" content=\"3 minutes\" \/>\n<script type=\"application\/ld+json\" class=\"yoast-schema-graph\">{\"@context\":\"https:\/\/schema.org\",\"@graph\":[{\"@type\":\"WebPage\",\"@id\":\"https:\/\/obstinato.fr\/politique-de-confidentialite\/\",\"url\":\"https:\/\/obstinato.fr\/politique-de-confidentialite\/\",\"name\":\"Politique de confidentialit\u00e9 - Obstinato\",\"isPartOf\":{\"@id\":\"https:\/\/obstinato.fr\/#website\"},\"datePublished\":\"2021-02-23T15:27:03+00:00\",\"dateModified\":\"2021-03-09T16:14:26+00:00\",\"breadcrumb\":{\"@id\":\"https:\/\/obstinato.fr\/politique-de-confidentialite\/#breadcrumb\"},\"inLanguage\":\"en-GB\",\"potentialAction\":[{\"@type\":\"ReadAction\",\"target\":[\"https:\/\/obstinato.fr\/politique-de-confidentialite\/\"]}]},{\"@type\":\"BreadcrumbList\",\"@id\":\"https:\/\/obstinato.fr\/politique-de-confidentialite\/#breadcrumb\",\"itemListElement\":[{\"@type\":\"ListItem\",\"position\":1,\"name\":\"Accueil\",\"item\":\"https:\/\/obstinato.fr\/\"},{\"@type\":\"ListItem\",\"position\":2,\"name\":\"Politique de confidentialit\u00e9\"}]},{\"@type\":\"WebSite\",\"@id\":\"https:\/\/obstinato.fr\/#website\",\"url\":\"https:\/\/obstinato.fr\/\",\"name\":\"Obstinato\",\"description\":\"Production &amp; Concerts\",\"publisher\":{\"@id\":\"https:\/\/obstinato.fr\/#organization\"},\"potentialAction\":[{\"@type\":\"SearchAction\",\"target\":{\"@type\":\"EntryPoint\",\"urlTemplate\":\"https:\/\/obstinato.fr\/?s={search_term_string}\"},\"query-input\":{\"@type\":\"PropertyValueSpecification\",\"valueRequired\":true,\"valueName\":\"search_term_string\"}}],\"inLanguage\":\"en-GB\"},{\"@type\":\"Organization\",\"@id\":\"https:\/\/obstinato.fr\/#organization\",\"name\":\"Obstinato\",\"url\":\"https:\/\/obstinato.fr\/\",\"logo\":{\"@type\":\"ImageObject\",\"inLanguage\":\"en-GB\",\"@id\":\"https:\/\/obstinato.fr\/#\/schema\/logo\/image\/\",\"url\":\"https:\/\/obstinato.fr\/wp-content\/uploads\/2021\/03\/logo-obstinato.png\",\"contentUrl\":\"https:\/\/obstinato.fr\/wp-content\/uploads\/2021\/03\/logo-obstinato.png\",\"width\":560,\"height\":212,\"caption\":\"Obstinato\"},\"image\":{\"@id\":\"https:\/\/obstinato.fr\/#\/schema\/logo\/image\/\"}}]}<\/script>\n<!-- \/ Yoast SEO plugin. -->","yoast_head_json":{"title":"Politique de confidentialit\u00e9 - Obstinato","robots":{"index":"index","follow":"follow","max-snippet":"max-snippet:-1","max-image-preview":"max-image-preview:large","max-video-preview":"max-video-preview:-1"},"canonical":"https:\/\/obstinato.fr\/en\/politique-de-confidentialite\/","og_locale":"en_GB","og_type":"article","og_title":"Politique de confidentialit\u00e9 - Obstinato","og_description":"Utilisation des donn\u00e9es personnelles collect\u00e9es Obstinato s\u2019engage, conform\u00e9ment \u00e0 la r\u00e8glementation RGPD, \u00e0&nbsp;respecter votre vie priv\u00e9e et \u00e0 prot\u00e9ger vos donn\u00e9es \u00e0 caract\u00e8re personnel, c\u2019est \u00e0 dire&nbsp;susceptible de vous identifier [&hellip;]","og_url":"https:\/\/obstinato.fr\/en\/politique-de-confidentialite\/","og_site_name":"Obstinato","article_modified_time":"2021-03-09T16:14:26+00:00","twitter_card":"summary_large_image","twitter_misc":{"Estimated reading time":"3 minutes"},"schema":{"@context":"https:\/\/schema.org","@graph":[{"@type":"WebPage","@id":"https:\/\/obstinato.fr\/politique-de-confidentialite\/","url":"https:\/\/obstinato.fr\/politique-de-confidentialite\/","name":"Politique de confidentialit\u00e9 - Obstinato","isPartOf":{"@id":"https:\/\/obstinato.fr\/#website"},"datePublished":"2021-02-23T15:27:03+00:00","dateModified":"2021-03-09T16:14:26+00:00","breadcrumb":{"@id":"https:\/\/obstinato.fr\/politique-de-confidentialite\/#breadcrumb"},"inLanguage":"en-GB","potentialAction":[{"@type":"ReadAction","target":["https:\/\/obstinato.fr\/politique-de-confidentialite\/"]}]},{"@type":"BreadcrumbList","@id":"https:\/\/obstinato.fr\/politique-de-confidentialite\/#breadcrumb","itemListElement":[{"@type":"ListItem","position":1,"name":"Accueil","item":"https:\/\/obstinato.fr\/"},{"@type":"ListItem","position":2,"name":"Politique de confidentialit\u00e9"}]},{"@type":"WebSite","@id":"https:\/\/obstinato.fr\/#website","url":"https:\/\/obstinato.fr\/","name":"Obstinato","description":"Production &amp; Concerts","publisher":{"@id":"https:\/\/obstinato.fr\/#organization"},"potentialAction":[{"@type":"SearchAction","target":{"@type":"EntryPoint","urlTemplate":"https:\/\/obstinato.fr\/?s={search_term_string}"},"query-input":{"@type":"PropertyValueSpecification","valueRequired":true,"valueName":"search_term_string"}}],"inLanguage":"en-GB"},{"@type":"Organization","@id":"https:\/\/obstinato.fr\/#organization","name":"Obstinato","url":"https:\/\/obstinato.fr\/","logo":{"@type":"ImageObject","inLanguage":"en-GB","@id":"https:\/\/obstinato.fr\/#\/schema\/logo\/image\/","url":"https:\/\/obstinato.fr\/wp-content\/uploads\/2021\/03\/logo-obstinato.png","contentUrl":"https:\/\/obstinato.fr\/wp-content\/uploads\/2021\/03\/logo-obstinato.png","width":560,"height":212,"caption":"Obstinato"},"image":{"@id":"https:\/\/obstinato.fr\/#\/schema\/logo\/image\/"}}]}},"_links":{"self":[{"href":"https:\/\/obstinato.fr\/en\/wp-json\/wp\/v2\/pages\/3"}],"collection":[{"href":"https:\/\/obstinato.fr\/en\/wp-json\/wp\/v2\/pages"}],"about":[{"href":"https:\/\/obstinato.fr\/en\/wp-json\/wp\/v2\/types\/page"}],"author":[{"embeddable":true,"href":"https:\/\/obstinato.fr\/en\/wp-json\/wp\/v2\/users\/1"}],"replies":[{"embeddable":true,"href":"https:\/\/obstinato.fr\/en\/wp-json\/wp\/v2\/comments?post=3"}],"version-history":[{"count":16,"href":"https:\/\/obstinato.fr\/en\/wp-json\/wp\/v2\/pages\/3\/revisions"}],"predecessor-version":[{"id":1674,"href":"https:\/\/obstinato.fr\/en\/wp-json\/wp\/v2\/pages\/3\/revisions\/1674"}],"wp:attachment":[{"href":"https:\/\/obstinato.fr\/en\/wp-json\/wp\/v2\/media?parent=3"}],"curies":[{"name":"wp","href":"https:\/\/api.w.org\/{rel}","templated":true}]}}