{"id":3176,"date":"2024-03-11T17:07:02","date_gmt":"2024-03-11T16:07:02","guid":{"rendered":"https:\/\/obstinato.fr\/?page_id=3176"},"modified":"2025-12-01T10:39:06","modified_gmt":"2025-12-01T09:39:06","slug":"family-affaire","status":"publish","type":"page","link":"https:\/\/obstinato.fr\/en\/family-affaire\/","title":{"rendered":"Family Affaire"},"content":{"rendered":"<div data-elementor-type=\"wp-page\" data-elementor-id=\"3176\" class=\"elementor elementor-3176\" data-elementor-post-type=\"page\">\n\t\t\t\t\t\t<section class=\"elementor-section elementor-top-section elementor-element elementor-element-b17c8cd elementor-section-full_width elementor-section-stretched elementor-reverse-tablet elementor-reverse-mobile elementor-section-height-default elementor-section-height-default\" data-id=\"b17c8cd\" data-element_type=\"section\" data-e-type=\"section\" data-settings=\"{&quot;stretch_section&quot;:&quot;section-stretched&quot;}\">\n\t\t\t\t\t\t<div class=\"elementor-container elementor-column-gap-wide\">\n\t\t\t\t\t<div class=\"elementor-column elementor-col-50 elementor-top-column elementor-element elementor-element-07029d4\" data-id=\"07029d4\" data-element_type=\"column\" data-e-type=\"column\">\n\t\t\t<div class=\"elementor-widget-wrap elementor-element-populated\">\n\t\t\t\t\t\t<div class=\"elementor-element elementor-element-a201542 elementor-widget elementor-widget-heading\" data-id=\"a201542\" data-element_type=\"widget\" data-e-type=\"widget\" data-widget_type=\"heading.default\">\n\t\t\t\t<div class=\"elementor-widget-container\">\n\t\t\t\t\t<h2 class=\"elementor-heading-title elementor-size-default\">Family Affaire<\/h2>\t\t\t\t<\/div>\n\t\t\t\t<\/div>\n\t\t\t\t<div class=\"elementor-element elementor-element-818b244 elementor-widget__width-auto elementor-view-default elementor-widget elementor-widget-icon\" data-id=\"818b244\" data-element_type=\"widget\" data-e-type=\"widget\" data-widget_type=\"icon.default\">\n\t\t\t\t<div class=\"elementor-widget-container\">\n\t\t\t\t\t\t\t<div class=\"elementor-icon-wrapper\">\n\t\t\t<a class=\"elementor-icon\" href=\"https:\/\/www.facebook.com\/isaacsmood\" target=\"_blank\">\n\t\t\t<i aria-hidden=\"true\" class=\"fab fa-facebook\"><\/i>\t\t\t<\/a>\n\t\t<\/div>\n\t\t\t\t\t\t<\/div>\n\t\t\t\t<\/div>\n\t\t\t\t<div class=\"elementor-element elementor-element-b533452 elementor-widget elementor-widget-text-editor\" data-id=\"b533452\" data-element_type=\"widget\" data-e-type=\"widget\" data-widget_type=\"text-editor.default\">\n\t\t\t\t<div class=\"elementor-widget-container\">\n\t\t\t\t\t\t\t\t\t<p class=\"p1\">Quelle musique \u00e9couter quand on est pas de la m\u00eame g\u00e9n\u00e9ration ? Pour le savoir, venez voir Family Affaire !<\/p>\n<p class=\"p1\">Family&nbsp;Affaire, c\u2019est la rencontre d\u2019un trio familial, avec la basse de Maurade le p\u00e8re, la voix de G\u00e9raldine, la m\u00e8re et le chant\/guitare du fils Evan autour d\u2019un r\u00e9pertoire allant de la Soul \u00e0 la Pop en passant par la vari\u00e9t\u00e9 fran\u00e7aise.<\/p>\n<p class=\"p1\">Arrangements personnels et forte complicit\u00e9 sont la force de ce trio, qui ravit toutes les g\u00e9n\u00e9rations. &nbsp;<\/p>\t\t\t\t\t\t\t\t<\/div>\n\t\t\t\t<\/div>\n\t\t\t\t\t<\/div>\n\t\t<\/div>\n\t\t\t\t<div class=\"elementor-column elementor-col-50 elementor-top-column elementor-element elementor-element-5600f37\" data-id=\"5600f37\" data-element_type=\"column\" data-e-type=\"column\">\n\t\t\t<div class=\"elementor-widget-wrap elementor-element-populated\">\n\t\t\t\t\t\t<div class=\"elementor-element elementor-element-909fc9a elementor-widget elementor-widget-image\" data-id=\"909fc9a\" data-element_type=\"widget\" data-e-type=\"widget\" data-widget_type=\"image.default\">\n\t\t\t\t<div class=\"elementor-widget-container\">\n\t\t\t\t\t\t\t\t\t\t\t\t\t\t\t<img fetchpriority=\"high\" decoding=\"async\" width=\"1024\" height=\"1024\" src=\"https:\/\/obstinato.fr\/wp-content\/uploads\/2024\/01\/photo-carre-family-affaire-trio-1024x1024.jpg\" class=\"attachment-large size-large wp-image-3049\" alt=\"\" srcset=\"https:\/\/obstinato.fr\/wp-content\/uploads\/2024\/01\/photo-carre-family-affaire-trio-1024x1024.jpg 1024w, https:\/\/obstinato.fr\/wp-content\/uploads\/2024\/01\/photo-carre-family-affaire-trio-300x300.jpg 300w, https:\/\/obstinato.fr\/wp-content\/uploads\/2024\/01\/photo-carre-family-affaire-trio-100x100.jpg 100w, https:\/\/obstinato.fr\/wp-content\/uploads\/2024\/01\/photo-carre-family-affaire-trio-600x600.jpg 600w, https:\/\/obstinato.fr\/wp-content\/uploads\/2024\/01\/photo-carre-family-affaire-trio-150x150.jpg 150w, https:\/\/obstinato.fr\/wp-content\/uploads\/2024\/01\/photo-carre-family-affaire-trio-768x768.jpg 768w, https:\/\/obstinato.fr\/wp-content\/uploads\/2024\/01\/photo-carre-family-affaire-trio-1536x1536.jpg 1536w, https:\/\/obstinato.fr\/wp-content\/uploads\/2024\/01\/photo-carre-family-affaire-trio-2048x2048.jpg 2048w, https:\/\/obstinato.fr\/wp-content\/uploads\/2024\/01\/photo-carre-family-affaire-trio-12x12.jpg 12w\" sizes=\"(max-width: 1024px) 100vw, 1024px\" \/>\t\t\t\t\t\t\t\t\t\t\t\t\t\t\t<\/div>\n\t\t\t\t<\/div>\n\t\t\t\t\t<\/div>\n\t\t<\/div>\n\t\t\t\t\t<\/div>\n\t\t<\/section>\n\t\t\t\t<section class=\"elementor-section elementor-top-section elementor-element elementor-element-c6b180e elementor-section-stretched elementor-section-boxed elementor-section-height-default elementor-section-height-default\" data-id=\"c6b180e\" data-element_type=\"section\" data-e-type=\"section\" data-settings=\"{&quot;stretch_section&quot;:&quot;section-stretched&quot;,&quot;background_background&quot;:&quot;classic&quot;}\">\n\t\t\t\t\t\t<div class=\"elementor-container elementor-column-gap-wide\">\n\t\t\t\t\t<div class=\"elementor-column elementor-col-25 elementor-top-column elementor-element elementor-element-4cc9e15\" data-id=\"4cc9e15\" data-element_type=\"column\" data-e-type=\"column\">\n\t\t\t<div class=\"elementor-widget-wrap elementor-element-populated\">\n\t\t\t\t\t\t<div class=\"elementor-element elementor-element-2a03e94 elementor-widget-mobile__width-auto elementor-widget elementor-widget-button\" data-id=\"2a03e94\" data-element_type=\"widget\" data-e-type=\"widget\" data-widget_type=\"button.default\">\n\t\t\t\t<div class=\"elementor-widget-container\">\n\t\t\t\t\t\t\t\t\t<div class=\"elementor-button-wrapper\">\n\t\t\t\t\t<a class=\"elementor-button elementor-button-link elementor-size-sm\" href=\"https:\/\/www.instagram.com\/g.lefrene\/\" target=\"_blank\">\n\t\t\t\t\t\t<span class=\"elementor-button-content-wrapper\">\n\t\t\t\t\t\t\t\t\t<span class=\"elementor-button-text\">Instagram<\/span>\n\t\t\t\t\t<\/span>\n\t\t\t\t\t<\/a>\n\t\t\t\t<\/div>\n\t\t\t\t\t\t\t\t<\/div>\n\t\t\t\t<\/div>\n\t\t\t\t\t<\/div>\n\t\t<\/div>\n\t\t\t\t<div class=\"elementor-column elementor-col-25 elementor-top-column elementor-element elementor-element-d2fb256\" data-id=\"d2fb256\" data-element_type=\"column\" data-e-type=\"column\">\n\t\t\t<div class=\"elementor-widget-wrap elementor-element-populated\">\n\t\t\t\t\t\t<div class=\"elementor-element elementor-element-553938e elementor-widget elementor-widget-video\" data-id=\"553938e\" data-element_type=\"widget\" data-e-type=\"widget\" data-settings=\"{&quot;youtube_url&quot;:&quot;https:\\\/\\\/www.youtube.com\\\/watch?v=fSsHTqzk1xg&quot;,&quot;video_type&quot;:&quot;youtube&quot;,&quot;controls&quot;:&quot;yes&quot;}\" data-widget_type=\"video.default\">\n\t\t\t\t<div class=\"elementor-widget-container\">\n\t\t\t\t\t\t\t<div class=\"elementor-wrapper elementor-open-inline\">\n\t\t\t<div class=\"elementor-video\"><\/div>\t\t<\/div>\n\t\t\t\t\t\t<\/div>\n\t\t\t\t<\/div>\n\t\t\t\t<div class=\"elementor-element elementor-element-f9b5fb5 elementor-widget elementor-widget-image\" data-id=\"f9b5fb5\" data-element_type=\"widget\" data-e-type=\"widget\" data-widget_type=\"image.default\">\n\t\t\t\t<div class=\"elementor-widget-container\">\n\t\t\t\t\t\t\t\t\t\t\t\t\t\t\t<img decoding=\"async\" width=\"1024\" height=\"768\" src=\"https:\/\/obstinato.fr\/wp-content\/uploads\/2024\/03\/image-sit-e-merci-mesdames-1024x768.jpg\" class=\"attachment-large size-large wp-image-3160\" alt=\"\" srcset=\"https:\/\/obstinato.fr\/wp-content\/uploads\/2024\/03\/image-sit-e-merci-mesdames-1024x768.jpg 1024w, https:\/\/obstinato.fr\/wp-content\/uploads\/2024\/03\/image-sit-e-merci-mesdames-scaled-600x450.jpg 600w, https:\/\/obstinato.fr\/wp-content\/uploads\/2024\/03\/image-sit-e-merci-mesdames-300x225.jpg 300w, https:\/\/obstinato.fr\/wp-content\/uploads\/2024\/03\/image-sit-e-merci-mesdames-768x576.jpg 768w, https:\/\/obstinato.fr\/wp-content\/uploads\/2024\/03\/image-sit-e-merci-mesdames-1536x1152.jpg 1536w, https:\/\/obstinato.fr\/wp-content\/uploads\/2024\/03\/image-sit-e-merci-mesdames-2048x1536.jpg 2048w, https:\/\/obstinato.fr\/wp-content\/uploads\/2024\/03\/image-sit-e-merci-mesdames-16x12.jpg 16w\" sizes=\"(max-width: 1024px) 100vw, 1024px\" \/>\t\t\t\t\t\t\t\t\t\t\t\t\t\t\t<\/div>\n\t\t\t\t<\/div>\n\t\t\t\t\t<\/div>\n\t\t<\/div>\n\t\t\t\t<div class=\"elementor-column elementor-col-25 elementor-top-column elementor-element elementor-element-6c13aa9\" data-id=\"6c13aa9\" data-element_type=\"column\" data-e-type=\"column\">\n\t\t\t<div class=\"elementor-widget-wrap elementor-element-populated\">\n\t\t\t\t\t\t<div class=\"elementor-element elementor-element-62c8fe2 elementor-widget elementor-widget-image\" data-id=\"62c8fe2\" data-element_type=\"widget\" data-e-type=\"widget\" data-widget_type=\"image.default\">\n\t\t\t\t<div class=\"elementor-widget-container\">\n\t\t\t\t\t\t\t\t\t\t\t\t\t\t\t<img decoding=\"async\" width=\"1024\" height=\"768\" src=\"https:\/\/obstinato.fr\/wp-content\/uploads\/2024\/03\/image-site-merci-mesdames-2--1024x768.jpg\" class=\"attachment-large size-large wp-image-3161\" alt=\"\" srcset=\"https:\/\/obstinato.fr\/wp-content\/uploads\/2024\/03\/image-site-merci-mesdames-2--1024x768.jpg 1024w, https:\/\/obstinato.fr\/wp-content\/uploads\/2024\/03\/image-site-merci-mesdames-2--scaled-600x450.jpg 600w, https:\/\/obstinato.fr\/wp-content\/uploads\/2024\/03\/image-site-merci-mesdames-2--300x225.jpg 300w, https:\/\/obstinato.fr\/wp-content\/uploads\/2024\/03\/image-site-merci-mesdames-2--768x576.jpg 768w, https:\/\/obstinato.fr\/wp-content\/uploads\/2024\/03\/image-site-merci-mesdames-2--1536x1152.jpg 1536w, https:\/\/obstinato.fr\/wp-content\/uploads\/2024\/03\/image-site-merci-mesdames-2--2048x1536.jpg 2048w, https:\/\/obstinato.fr\/wp-content\/uploads\/2024\/03\/image-site-merci-mesdames-2--16x12.jpg 16w\" sizes=\"(max-width: 1024px) 100vw, 1024px\" \/>\t\t\t\t\t\t\t\t\t\t\t\t\t\t\t<\/div>\n\t\t\t\t<\/div>\n\t\t\t\t\t<\/div>\n\t\t<\/div>\n\t\t\t\t<div class=\"elementor-column elementor-col-25 elementor-top-column elementor-element elementor-element-f1a650a\" data-id=\"f1a650a\" data-element_type=\"column\" data-e-type=\"column\">\n\t\t\t<div class=\"elementor-widget-wrap elementor-element-populated\">\n\t\t\t\t\t\t<div class=\"elementor-element elementor-element-f0db20e elementor-widget elementor-widget-heading\" data-id=\"f0db20e\" data-element_type=\"widget\" data-e-type=\"widget\" data-widget_type=\"heading.default\">\n\t\t\t\t<div class=\"elementor-widget-container\">\n\t\t\t\t\t<h2 class=\"elementor-heading-title elementor-size-default\">Line Up<\/h2>\t\t\t\t<\/div>\n\t\t\t\t<\/div>\n\t\t\t\t<div class=\"elementor-element elementor-element-b2ff716 elementor-widget elementor-widget-text-editor\" data-id=\"b2ff716\" data-element_type=\"widget\" data-e-type=\"widget\" data-widget_type=\"text-editor.default\">\n\t\t\t\t<div class=\"elementor-widget-container\">\n\t\t\t\t\t\t\t\t\t<ul><li>G\u00e9raldine Lefr\u00eane : chant \/ percussions<\/li><li>Maurade M\u00e9niri : Guitares \/ Basse \/ Choeurs<\/li><li>Evan M\u00e9niri : Chant \/ Guitares \/ Basses<\/li><\/ul>\t\t\t\t\t\t\t\t<\/div>\n\t\t\t\t<\/div>\n\t\t\t\t<div class=\"elementor-element elementor-element-33c0a5f elementor-widget elementor-widget-heading\" data-id=\"33c0a5f\" data-element_type=\"widget\" data-e-type=\"widget\" data-widget_type=\"heading.default\">\n\t\t\t\t<div class=\"elementor-widget-container\">\n\t\t\t\t\t<h2 class=\"elementor-heading-title elementor-size-default\">Date \u00e0 venir<\/h2>\t\t\t\t<\/div>\n\t\t\t\t<\/div>\n\t\t\t\t<div class=\"elementor-element elementor-element-6704d0f elementor-widget elementor-widget-text-editor\" data-id=\"6704d0f\" data-element_type=\"widget\" data-e-type=\"widget\" data-widget_type=\"text-editor.default\">\n\t\t\t\t<div class=\"elementor-widget-container\">\n\t\t\t\t\t\t\t\t\t<ul>\n<li>31 d\u00e9cembre &#8211; Mademoiselle Simone &#8211; Lyon<\/li>\n<\/ul>\t\t\t\t\t\t\t\t<\/div>\n\t\t\t\t<\/div>\n\t\t\t\t\t<\/div>\n\t\t<\/div>\n\t\t\t\t\t<\/div>\n\t\t<\/section>\n\t\t\t\t<\/div>","protected":false},"excerpt":{"rendered":"<p>Family Affaire Quelle musique \u00e9couter quand on est pas de la m\u00eame g\u00e9n\u00e9ration ? Pour le savoir, venez voir Family Affaire ! Family&nbsp;Affaire, c\u2019est la rencontre d\u2019un trio familial, avec [&hellip;]<\/p>\n","protected":false},"author":1,"featured_media":0,"parent":0,"menu_order":0,"comment_status":"closed","ping_status":"closed","template":"","meta":{"ocean_post_layout":"","ocean_both_sidebars_style":"","ocean_both_sidebars_content_width":0,"ocean_both_sidebars_sidebars_width":0,"ocean_sidebar":"","ocean_second_sidebar":"","ocean_disable_margins":"enable","ocean_add_body_class":"","ocean_shortcode_before_top_bar":"","ocean_shortcode_after_top_bar":"","ocean_shortcode_before_header":"","ocean_shortcode_after_header":"","ocean_has_shortcode":"","ocean_shortcode_after_title":"","ocean_shortcode_before_footer_widgets":"","ocean_shortcode_after_footer_widgets":"","ocean_shortcode_before_footer_bottom":"","ocean_shortcode_after_footer_bottom":"","ocean_display_top_bar":"default","ocean_display_header":"default","ocean_header_style":"","ocean_center_header_left_menu":"","ocean_custom_header_template":"","ocean_custom_logo":0,"ocean_custom_retina_logo":0,"ocean_custom_logo_max_width":0,"ocean_custom_logo_tablet_max_width":0,"ocean_custom_logo_mobile_max_width":0,"ocean_custom_logo_max_height":0,"ocean_custom_logo_tablet_max_height":0,"ocean_custom_logo_mobile_max_height":0,"ocean_header_custom_menu":"","ocean_menu_typo_font_family":"","ocean_menu_typo_font_subset":"","ocean_menu_typo_font_size":0,"ocean_menu_typo_font_size_tablet":0,"ocean_menu_typo_font_size_mobile":0,"ocean_menu_typo_font_size_unit":"px","ocean_menu_typo_font_weight":"","ocean_menu_typo_font_weight_tablet":"","ocean_menu_typo_font_weight_mobile":"","ocean_menu_typo_transform":"","ocean_menu_typo_transform_tablet":"","ocean_menu_typo_transform_mobile":"","ocean_menu_typo_line_height":0,"ocean_menu_typo_line_height_tablet":0,"ocean_menu_typo_line_height_mobile":0,"ocean_menu_typo_line_height_unit":"","ocean_menu_typo_spacing":0,"ocean_menu_typo_spacing_tablet":0,"ocean_menu_typo_spacing_mobile":0,"ocean_menu_typo_spacing_unit":"","ocean_menu_link_color":"","ocean_menu_link_color_hover":"","ocean_menu_link_color_active":"","ocean_menu_link_background":"","ocean_menu_link_hover_background":"","ocean_menu_link_active_background":"","ocean_menu_social_links_bg":"","ocean_menu_social_hover_links_bg":"","ocean_menu_social_links_color":"","ocean_menu_social_hover_links_color":"","ocean_disable_title":"default","ocean_disable_heading":"default","ocean_post_title":"","ocean_post_subheading":"","ocean_post_title_style":"","ocean_post_title_background_color":"","ocean_post_title_background":0,"ocean_post_title_bg_image_position":"","ocean_post_title_bg_image_attachment":"","ocean_post_title_bg_image_repeat":"","ocean_post_title_bg_image_size":"","ocean_post_title_height":0,"ocean_post_title_bg_overlay":0.5,"ocean_post_title_bg_overlay_color":"","ocean_disable_breadcrumbs":"default","ocean_breadcrumbs_color":"","ocean_breadcrumbs_separator_color":"","ocean_breadcrumbs_links_color":"","ocean_breadcrumbs_links_hover_color":"","ocean_display_footer_widgets":"default","ocean_display_footer_bottom":"default","ocean_custom_footer_template":"","footnotes":""},"class_list":["post-3176","page","type-page","status-publish","hentry","entry","owp-thumbs-layout-horizontal","owp-btn-normal","owp-tabs-layout-horizontal","has-no-thumbnails","has-product-nav"],"yoast_head":"<!-- This site is optimized with the Yoast SEO plugin v25.6 - https:\/\/yoast.com\/wordpress\/plugins\/seo\/ -->\n<title>Family Affaire - Obstinato<\/title>\n<meta name=\"description\" content=\"Family Affaire, c\u2019est la rencontre d\u2019un trio familial, avec la basse de Maurade le p\u00e8re, la voix de G\u00e9raldine, la m\u00e8re et le chant\/guitare du fils Evan autour d\u2019un r\u00e9pertoire allant de la Soul \u00e0 la Pop en passant par la vari\u00e9t\u00e9 fran\u00e7aise.En duo trio quartet nous vous garantissons une prestation de qualit\u00e9 gr\u00e2ce \u00e0 notre exp\u00e9rience de la sc\u00e8ne et notre complicit\u00e9 !\" \/>\n<meta name=\"robots\" content=\"index, follow, max-snippet:-1, max-image-preview:large, max-video-preview:-1\" \/>\n<link rel=\"canonical\" href=\"https:\/\/obstinato.fr\/en\/family-affaire\/\" \/>\n<meta property=\"og:locale\" content=\"en_GB\" \/>\n<meta property=\"og:type\" content=\"article\" \/>\n<meta property=\"og:title\" content=\"Family Affaire - Obstinato\" \/>\n<meta property=\"og:description\" content=\"Family Affaire, c\u2019est la rencontre d\u2019un trio familial, avec la basse de Maurade le p\u00e8re, la voix de G\u00e9raldine, la m\u00e8re et le chant\/guitare du fils Evan autour d\u2019un r\u00e9pertoire allant de la Soul \u00e0 la Pop en passant par la vari\u00e9t\u00e9 fran\u00e7aise.En duo trio quartet nous vous garantissons une prestation de qualit\u00e9 gr\u00e2ce \u00e0 notre exp\u00e9rience de la sc\u00e8ne et notre complicit\u00e9 !\" \/>\n<meta property=\"og:url\" content=\"https:\/\/obstinato.fr\/en\/family-affaire\/\" \/>\n<meta property=\"og:site_name\" content=\"Obstinato\" \/>\n<meta property=\"article:modified_time\" content=\"2025-12-01T09:39:06+00:00\" \/>\n<meta property=\"og:image\" content=\"https:\/\/obstinato.fr\/wp-content\/uploads\/2024\/01\/photo-carre-family-affaire-trio-1024x1024.jpg\" \/>\n\t<meta property=\"og:image:width\" content=\"1024\" \/>\n\t<meta property=\"og:image:height\" content=\"1024\" \/>\n\t<meta property=\"og:image:type\" content=\"image\/jpeg\" \/>\n<meta name=\"twitter:card\" content=\"summary_large_image\" \/>\n<meta name=\"twitter:label1\" content=\"Estimated reading time\" \/>\n\t<meta name=\"twitter:data1\" content=\"2 minutes\" \/>\n<script type=\"application\/ld+json\" class=\"yoast-schema-graph\">{\"@context\":\"https:\/\/schema.org\",\"@graph\":[{\"@type\":\"WebPage\",\"@id\":\"https:\/\/obstinato.fr\/family-affaire\/\",\"url\":\"https:\/\/obstinato.fr\/family-affaire\/\",\"name\":\"Family Affaire - Obstinato\",\"isPartOf\":{\"@id\":\"https:\/\/obstinato.fr\/#website\"},\"primaryImageOfPage\":{\"@id\":\"https:\/\/obstinato.fr\/family-affaire\/#primaryimage\"},\"image\":{\"@id\":\"https:\/\/obstinato.fr\/family-affaire\/#primaryimage\"},\"thumbnailUrl\":\"https:\/\/obstinato.fr\/wp-content\/uploads\/2024\/01\/photo-carre-family-affaire-trio-1024x1024.jpg\",\"datePublished\":\"2024-03-11T16:07:02+00:00\",\"dateModified\":\"2025-12-01T09:39:06+00:00\",\"description\":\"Family Affaire, c\u2019est la rencontre d\u2019un trio familial, avec la basse de Maurade le p\u00e8re, la voix de G\u00e9raldine, la m\u00e8re et le chant\/guitare du fils Evan autour d\u2019un r\u00e9pertoire allant de la Soul \u00e0 la Pop en passant par la vari\u00e9t\u00e9 fran\u00e7aise.En duo trio quartet nous vous garantissons une prestation de qualit\u00e9 gr\u00e2ce \u00e0 notre exp\u00e9rience de la sc\u00e8ne et notre complicit\u00e9 !\",\"breadcrumb\":{\"@id\":\"https:\/\/obstinato.fr\/family-affaire\/#breadcrumb\"},\"inLanguage\":\"en-GB\",\"potentialAction\":[{\"@type\":\"ReadAction\",\"target\":[\"https:\/\/obstinato.fr\/family-affaire\/\"]}]},{\"@type\":\"ImageObject\",\"inLanguage\":\"en-GB\",\"@id\":\"https:\/\/obstinato.fr\/family-affaire\/#primaryimage\",\"url\":\"https:\/\/obstinato.fr\/wp-content\/uploads\/2024\/01\/photo-carre-family-affaire-trio-1024x1024.jpg\",\"contentUrl\":\"https:\/\/obstinato.fr\/wp-content\/uploads\/2024\/01\/photo-carre-family-affaire-trio-1024x1024.jpg\"},{\"@type\":\"BreadcrumbList\",\"@id\":\"https:\/\/obstinato.fr\/family-affaire\/#breadcrumb\",\"itemListElement\":[{\"@type\":\"ListItem\",\"position\":1,\"name\":\"Accueil\",\"item\":\"https:\/\/obstinato.fr\/\"},{\"@type\":\"ListItem\",\"position\":2,\"name\":\"Family Affaire\"}]},{\"@type\":\"WebSite\",\"@id\":\"https:\/\/obstinato.fr\/#website\",\"url\":\"https:\/\/obstinato.fr\/\",\"name\":\"Obstinato\",\"description\":\"Production &amp; Concerts\",\"publisher\":{\"@id\":\"https:\/\/obstinato.fr\/#organization\"},\"potentialAction\":[{\"@type\":\"SearchAction\",\"target\":{\"@type\":\"EntryPoint\",\"urlTemplate\":\"https:\/\/obstinato.fr\/?s={search_term_string}\"},\"query-input\":{\"@type\":\"PropertyValueSpecification\",\"valueRequired\":true,\"valueName\":\"search_term_string\"}}],\"inLanguage\":\"en-GB\"},{\"@type\":\"Organization\",\"@id\":\"https:\/\/obstinato.fr\/#organization\",\"name\":\"Obstinato\",\"url\":\"https:\/\/obstinato.fr\/\",\"logo\":{\"@type\":\"ImageObject\",\"inLanguage\":\"en-GB\",\"@id\":\"https:\/\/obstinato.fr\/#\/schema\/logo\/image\/\",\"url\":\"https:\/\/obstinato.fr\/wp-content\/uploads\/2021\/03\/logo-obstinato.png\",\"contentUrl\":\"https:\/\/obstinato.fr\/wp-content\/uploads\/2021\/03\/logo-obstinato.png\",\"width\":560,\"height\":212,\"caption\":\"Obstinato\"},\"image\":{\"@id\":\"https:\/\/obstinato.fr\/#\/schema\/logo\/image\/\"}}]}<\/script>\n<!-- \/ Yoast SEO plugin. -->","yoast_head_json":{"title":"Family Affaire - Obstinato","description":"Family Affaire, c\u2019est la rencontre d\u2019un trio familial, avec la basse de Maurade le p\u00e8re, la voix de G\u00e9raldine, la m\u00e8re et le chant\/guitare du fils Evan autour d\u2019un r\u00e9pertoire allant de la Soul \u00e0 la Pop en passant par la vari\u00e9t\u00e9 fran\u00e7aise.En duo trio quartet nous vous garantissons une prestation de qualit\u00e9 gr\u00e2ce \u00e0 notre exp\u00e9rience de la sc\u00e8ne et notre complicit\u00e9 !","robots":{"index":"index","follow":"follow","max-snippet":"max-snippet:-1","max-image-preview":"max-image-preview:large","max-video-preview":"max-video-preview:-1"},"canonical":"https:\/\/obstinato.fr\/en\/family-affaire\/","og_locale":"en_GB","og_type":"article","og_title":"Family Affaire - Obstinato","og_description":"Family Affaire, c\u2019est la rencontre d\u2019un trio familial, avec la basse de Maurade le p\u00e8re, la voix de G\u00e9raldine, la m\u00e8re et le chant\/guitare du fils Evan autour d\u2019un r\u00e9pertoire allant de la Soul \u00e0 la Pop en passant par la vari\u00e9t\u00e9 fran\u00e7aise.En duo trio quartet nous vous garantissons une prestation de qualit\u00e9 gr\u00e2ce \u00e0 notre exp\u00e9rience de la sc\u00e8ne et notre complicit\u00e9 !","og_url":"https:\/\/obstinato.fr\/en\/family-affaire\/","og_site_name":"Obstinato","article_modified_time":"2025-12-01T09:39:06+00:00","og_image":[{"width":1024,"height":1024,"url":"https:\/\/obstinato.fr\/wp-content\/uploads\/2024\/01\/photo-carre-family-affaire-trio-1024x1024.jpg","type":"image\/jpeg"}],"twitter_card":"summary_large_image","twitter_misc":{"Estimated reading time":"2 minutes"},"schema":{"@context":"https:\/\/schema.org","@graph":[{"@type":"WebPage","@id":"https:\/\/obstinato.fr\/family-affaire\/","url":"https:\/\/obstinato.fr\/family-affaire\/","name":"Family Affaire - Obstinato","isPartOf":{"@id":"https:\/\/obstinato.fr\/#website"},"primaryImageOfPage":{"@id":"https:\/\/obstinato.fr\/family-affaire\/#primaryimage"},"image":{"@id":"https:\/\/obstinato.fr\/family-affaire\/#primaryimage"},"thumbnailUrl":"https:\/\/obstinato.fr\/wp-content\/uploads\/2024\/01\/photo-carre-family-affaire-trio-1024x1024.jpg","datePublished":"2024-03-11T16:07:02+00:00","dateModified":"2025-12-01T09:39:06+00:00","description":"Family Affaire, c\u2019est la rencontre d\u2019un trio familial, avec la basse de Maurade le p\u00e8re, la voix de G\u00e9raldine, la m\u00e8re et le chant\/guitare du fils Evan autour d\u2019un r\u00e9pertoire allant de la Soul \u00e0 la Pop en passant par la vari\u00e9t\u00e9 fran\u00e7aise.En duo trio quartet nous vous garantissons une prestation de qualit\u00e9 gr\u00e2ce \u00e0 notre exp\u00e9rience de la sc\u00e8ne et notre complicit\u00e9 !","breadcrumb":{"@id":"https:\/\/obstinato.fr\/family-affaire\/#breadcrumb"},"inLanguage":"en-GB","potentialAction":[{"@type":"ReadAction","target":["https:\/\/obstinato.fr\/family-affaire\/"]}]},{"@type":"ImageObject","inLanguage":"en-GB","@id":"https:\/\/obstinato.fr\/family-affaire\/#primaryimage","url":"https:\/\/obstinato.fr\/wp-content\/uploads\/2024\/01\/photo-carre-family-affaire-trio-1024x1024.jpg","contentUrl":"https:\/\/obstinato.fr\/wp-content\/uploads\/2024\/01\/photo-carre-family-affaire-trio-1024x1024.jpg"},{"@type":"BreadcrumbList","@id":"https:\/\/obstinato.fr\/family-affaire\/#breadcrumb","itemListElement":[{"@type":"ListItem","position":1,"name":"Accueil","item":"https:\/\/obstinato.fr\/"},{"@type":"ListItem","position":2,"name":"Family Affaire"}]},{"@type":"WebSite","@id":"https:\/\/obstinato.fr\/#website","url":"https:\/\/obstinato.fr\/","name":"Obstinato","description":"Production &amp; Concerts","publisher":{"@id":"https:\/\/obstinato.fr\/#organization"},"potentialAction":[{"@type":"SearchAction","target":{"@type":"EntryPoint","urlTemplate":"https:\/\/obstinato.fr\/?s={search_term_string}"},"query-input":{"@type":"PropertyValueSpecification","valueRequired":true,"valueName":"search_term_string"}}],"inLanguage":"en-GB"},{"@type":"Organization","@id":"https:\/\/obstinato.fr\/#organization","name":"Obstinato","url":"https:\/\/obstinato.fr\/","logo":{"@type":"ImageObject","inLanguage":"en-GB","@id":"https:\/\/obstinato.fr\/#\/schema\/logo\/image\/","url":"https:\/\/obstinato.fr\/wp-content\/uploads\/2021\/03\/logo-obstinato.png","contentUrl":"https:\/\/obstinato.fr\/wp-content\/uploads\/2021\/03\/logo-obstinato.png","width":560,"height":212,"caption":"Obstinato"},"image":{"@id":"https:\/\/obstinato.fr\/#\/schema\/logo\/image\/"}}]}},"_links":{"self":[{"href":"https:\/\/obstinato.fr\/en\/wp-json\/wp\/v2\/pages\/3176"}],"collection":[{"href":"https:\/\/obstinato.fr\/en\/wp-json\/wp\/v2\/pages"}],"about":[{"href":"https:\/\/obstinato.fr\/en\/wp-json\/wp\/v2\/types\/page"}],"author":[{"embeddable":true,"href":"https:\/\/obstinato.fr\/en\/wp-json\/wp\/v2\/users\/1"}],"replies":[{"embeddable":true,"href":"https:\/\/obstinato.fr\/en\/wp-json\/wp\/v2\/comments?post=3176"}],"version-history":[{"count":37,"href":"https:\/\/obstinato.fr\/en\/wp-json\/wp\/v2\/pages\/3176\/revisions"}],"predecessor-version":[{"id":5160,"href":"https:\/\/obstinato.fr\/en\/wp-json\/wp\/v2\/pages\/3176\/revisions\/5160"}],"wp:attachment":[{"href":"https:\/\/obstinato.fr\/en\/wp-json\/wp\/v2\/media?parent=3176"}],"curies":[{"name":"wp","href":"https:\/\/api.w.org\/{rel}","templated":true}]}}