{"id":503,"date":"2021-03-01T15:36:16","date_gmt":"2021-03-01T14:36:16","guid":{"rendered":"https:\/\/obstinato.fr\/?page_id=503"},"modified":"2021-03-01T17:39:06","modified_gmt":"2021-03-01T16:39:06","slug":"mentions-legales","status":"publish","type":"page","link":"https:\/\/obstinato.fr\/en\/mentions-legales\/","title":{"rendered":"Legal information"},"content":{"rendered":"<div data-elementor-type=\"wp-page\" data-elementor-id=\"503\" class=\"elementor elementor-503\" data-elementor-post-type=\"page\">\n\t\t\t\t\t\t<section class=\"elementor-section elementor-top-section elementor-element elementor-element-1670ef6 elementor-section-full_width elementor-section-stretched elementor-section-height-default elementor-section-height-default\" data-id=\"1670ef6\" data-element_type=\"section\" data-e-type=\"section\" data-settings=\"{&quot;stretch_section&quot;:&quot;section-stretched&quot;}\">\n\t\t\t\t\t\t<div class=\"elementor-container elementor-column-gap-default\">\n\t\t\t\t\t<div class=\"elementor-column elementor-col-50 elementor-top-column elementor-element elementor-element-1e6c775\" data-id=\"1e6c775\" data-element_type=\"column\" data-e-type=\"column\">\n\t\t\t<div class=\"elementor-widget-wrap elementor-element-populated\">\n\t\t\t\t\t\t<div class=\"elementor-element elementor-element-9a7cd12 elementor-widget elementor-widget-heading\" data-id=\"9a7cd12\" data-element_type=\"widget\" data-e-type=\"widget\" data-widget_type=\"heading.default\">\n\t\t\t\t<div class=\"elementor-widget-container\">\n\t\t\t\t\t<h2 class=\"elementor-heading-title elementor-size-default\">Legal information<\/h2>\t\t\t\t<\/div>\n\t\t\t\t<\/div>\n\t\t\t\t<div class=\"elementor-element elementor-element-2026cf3 elementor-widget elementor-widget-text-editor\" data-id=\"2026cf3\" data-element_type=\"widget\" data-e-type=\"widget\" data-widget_type=\"text-editor.default\">\n\t\t\t\t<div class=\"elementor-widget-container\">\n\t\t\t\t\t\t\t\t\t<section data-id=\"73e0e35\" data-element_type=\"section\" data-settings=\"{\">\n<div>\n<div>\n<div data-id=\"3de4c20\" data-element_type=\"column\">\n<div>\n<div>\n<div data-id=\"36069ea\" data-element_type=\"widget\" data-widget_type=\"heading.default\">\n<div>\n<h3>Informations du site Internet<\/h3>\n<\/div>\n<\/div>\n<div data-id=\"fd34a75\" data-element_type=\"widget\" data-widget_type=\"text-editor.default\">\n<div>\n<div>\n<ul>\n<li><strong>Propri\u00e9taire et \u00e9diteur du site<\/strong> : Association Obstinato<br><strong>Responsable \u00e9ditorial<\/strong> : Association Obstinato<\/li>\n<li><strong>Si\u00e8ge social<\/strong> : 18, Impasse de Luzy, 69005 LYON<\/li>\n<li><b>SIRET<\/b> : 479 562 183 000 18<\/li>\n<li><strong>H\u00e9bergeur<\/strong> : <a href=\"https:\/\/www.domainedesnoms.fr\/\" target=\"_blank\" rel=\"noopener\">https:\/\/www.domainedesnoms.fr<\/a><\/li>\n<li><strong>Design graphique<\/strong> :<a href=\"\/en\/patrik-aveillan.net\/\"> studio graphique Patrik Aveillan<\/a><\/li>\n<li><strong>Int\u00e9gration \u00a9Wordpress<\/strong> :<a href=\"https:\/\/faustinebrunet.com\">Webdesigneuse Faustine Brunet<\/a><\/li>\n<\/ul>\n<\/div>\n<\/div>\n<\/div>\n<div data-id=\"9883d19\" data-element_type=\"widget\" data-widget_type=\"heading.default\">\n<div>\n<h3>&nbsp;<\/h3>\n<h3>Propri\u00e9t\u00e9 intellectuelle<\/h3>\n<\/div>\n<\/div>\n<div data-id=\"02194d5\" data-element_type=\"widget\" data-widget_type=\"text-editor.default\">\n<div>\n<div>\n<p>Les photographies, logos, graphisme du site Obstinato.fr font l\u2019objet d\u2019une protection par le Code de la propri\u00e9t\u00e9 intellectuelle. Le propri\u00e9taire Obstinato d\u00e9tient les droits d\u2019usage sur tous ces \u00e9l\u00e9ments. L\u2019Utilisateur s\u2019engage \u00e0 une utilisation des contenus du site dans un cadre priv\u00e9. Une utilisation des contenus \u00e0 des fins commerciales est strictement interdite.<\/p>\n<\/div>\n<\/div>\n<\/div>\n<div data-id=\"b52da5f\" data-element_type=\"widget\" data-widget_type=\"heading.default\">\n<div>\n<h3><br><\/h3><h3>Conditions g\u00e9n\u00e9rales d\u2019utilisation du site et des services propos\u00e9s<\/h3>\n<\/div>\n<\/div>\n<div data-id=\"a0c539e\" data-element_type=\"widget\" data-widget_type=\"text-editor.default\">\n<div>\n<div>\n<p>Les informations contenues sur ce site sont aussi pr\u00e9cises que possible et le site remis \u00e0 jour \u00e0 diff\u00e9rentes p\u00e9riodes de l\u2019ann\u00e9e, mais peut toutefois contenir des inexactitudes ou des omissions. Si vous constatez une lacune, erreur ou ce qui parait \u00eatre un dysfonctionnement, merci de bien vouloir le signaler par email, \u00e0 l\u2019adresse <a href=\"mailto:obstinato.diffusion@gmail.com\" target=\"_blank\" rel=\"noopener\">obstinato.diffusion@gmail.com<\/a> en d\u00e9crivant le probl\u00e8me de la mani\u00e8re la plus pr\u00e9cise possible (page posant probl\u00e8me, type d\u2019ordinateur et de navigateur utilis\u00e9, \u2026).<\/p>\n<p>Tout contenu t\u00e9l\u00e9charg\u00e9 se fait aux risques et p\u00e9rils de l\u2019utilisateur et sous sa seule responsabilit\u00e9. En cons\u00e9quence, Obstinato ne saurait \u00eatre tenu responsable d\u2019un quelconque dommage subi par l\u2019ordinateur de l\u2019utilisateur ou d\u2019une quelconque perte de donn\u00e9es cons\u00e9cutives au t\u00e9l\u00e9chargement. De plus, l\u2019utilisateur du site s\u2019engage \u00e0 acc\u00e9der au site en utilisant un mat\u00e9riel r\u00e9cent, ne contenant pas de virus et avec un navigateur de derni\u00e8re g\u00e9n\u00e9ration mis-\u00e0-jour.<\/p>\n<\/div>\n<\/div>\n<\/div>\n<div data-id=\"0f16ad5\" data-element_type=\"widget\" data-widget_type=\"heading.default\">\n<div>\n<h3><br><\/h3><h3>Liens hypertextes<\/h3>\n<\/div>\n<\/div>\n<div data-id=\"d3884ca\" data-element_type=\"widget\" data-widget_type=\"text-editor.default\">\n<div>\n<div>\n<p>Les liens hypertextes mis en place dans le cadre du pr\u00e9sent site internet en direction d\u2019autres ressources pr\u00e9sentes sur le r\u00e9seau Internet ne sauraient engager la responsabilit\u00e9 de l\u2019association Obstinato.<\/p>\n<\/div>\n<\/div>\n<\/div>\n<div data-id=\"52a07d4\" data-element_type=\"widget\" data-widget_type=\"heading.default\">\n<div>\n<h3><br><\/h3><h3>Cookies &amp; donn\u00e9es personnelles<\/h3>\n<\/div>\n<\/div>\n<div data-id=\"b2b58d9\" data-element_type=\"widget\" data-widget_type=\"text-editor.default\">\n<div>\n<div>\n<p><a href=\"https:\/\/obstinato.fr\/en\/politique-de-confidentialite\/\" target=\"_blank\" rel=\"noopener\">&gt; Voir notre politique de confidentialit\u00e9<\/a><\/p>\n<\/div>\n<\/div>\n<\/div>\n<\/div>\n<\/div>\n<\/div>\n<\/div>\n<\/div>\n<\/section>\t\t\t\t\t\t\t\t<\/div>\n\t\t\t\t<\/div>\n\t\t\t\t\t<\/div>\n\t\t<\/div>\n\t\t\t\t<div class=\"elementor-column elementor-col-50 elementor-top-column elementor-element elementor-element-575cf7c elementor-hidden-phone elementor-hidden-tablet\" data-id=\"575cf7c\" data-element_type=\"column\" data-e-type=\"column\" data-settings=\"{&quot;background_background&quot;:&quot;classic&quot;}\">\n\t\t\t<div class=\"elementor-widget-wrap\">\n\t\t\t\t\t\t\t<\/div>\n\t\t<\/div>\n\t\t\t\t\t<\/div>\n\t\t<\/section>\n\t\t\t\t<section class=\"elementor-section elementor-top-section elementor-element elementor-element-1363fb2 elementor-section-boxed elementor-section-height-default elementor-section-height-default\" data-id=\"1363fb2\" data-element_type=\"section\" data-e-type=\"section\">\n\t\t\t\t\t\t<div class=\"elementor-container elementor-column-gap-default\">\n\t\t\t\t\t<div class=\"elementor-column elementor-col-100 elementor-top-column elementor-element elementor-element-2c1bcc1\" data-id=\"2c1bcc1\" data-element_type=\"column\" data-e-type=\"column\">\n\t\t\t<div class=\"elementor-widget-wrap elementor-element-populated\">\n\t\t\t\t\t\t<div class=\"elementor-element elementor-element-91d119b elementor-widget elementor-widget-spacer\" data-id=\"91d119b\" data-element_type=\"widget\" data-e-type=\"widget\" data-widget_type=\"spacer.default\">\n\t\t\t\t<div class=\"elementor-widget-container\">\n\t\t\t\t\t\t\t<div class=\"elementor-spacer\">\n\t\t\t<div class=\"elementor-spacer-inner\"><\/div>\n\t\t<\/div>\n\t\t\t\t\t\t<\/div>\n\t\t\t\t<\/div>\n\t\t\t\t\t<\/div>\n\t\t<\/div>\n\t\t\t\t\t<\/div>\n\t\t<\/section>\n\t\t\t\t<\/div>","protected":false},"excerpt":{"rendered":"<p>Mentions l\u00e9gales Informations du site Internet Propri\u00e9taire et \u00e9diteur du site : Association ObstinatoResponsable \u00e9ditorial : Association Obstinato Si\u00e8ge social : 18, Impasse de Luzy, 69005 LYON SIRET : 479 [&hellip;]<\/p>\n","protected":false},"author":1,"featured_media":0,"parent":0,"menu_order":0,"comment_status":"closed","ping_status":"closed","template":"","meta":{"ocean_post_layout":"","ocean_both_sidebars_style":"","ocean_both_sidebars_content_width":0,"ocean_both_sidebars_sidebars_width":0,"ocean_sidebar":"0","ocean_second_sidebar":"0","ocean_disable_margins":"enable","ocean_add_body_class":"","ocean_shortcode_before_top_bar":"","ocean_shortcode_after_top_bar":"","ocean_shortcode_before_header":"","ocean_shortcode_after_header":"","ocean_has_shortcode":"","ocean_shortcode_after_title":"","ocean_shortcode_before_footer_widgets":"","ocean_shortcode_after_footer_widgets":"","ocean_shortcode_before_footer_bottom":"","ocean_shortcode_after_footer_bottom":"","ocean_display_top_bar":"default","ocean_display_header":"default","ocean_header_style":"","ocean_center_header_left_menu":"0","ocean_custom_header_template":"0","ocean_custom_logo":0,"ocean_custom_retina_logo":0,"ocean_custom_logo_max_width":0,"ocean_custom_logo_tablet_max_width":0,"ocean_custom_logo_mobile_max_width":0,"ocean_custom_logo_max_height":0,"ocean_custom_logo_tablet_max_height":0,"ocean_custom_logo_mobile_max_height":0,"ocean_header_custom_menu":"0","ocean_menu_typo_font_family":"0","ocean_menu_typo_font_subset":"","ocean_menu_typo_font_size":0,"ocean_menu_typo_font_size_tablet":0,"ocean_menu_typo_font_size_mobile":0,"ocean_menu_typo_font_size_unit":"px","ocean_menu_typo_font_weight":"","ocean_menu_typo_font_weight_tablet":"","ocean_menu_typo_font_weight_mobile":"","ocean_menu_typo_transform":"","ocean_menu_typo_transform_tablet":"","ocean_menu_typo_transform_mobile":"","ocean_menu_typo_line_height":0,"ocean_menu_typo_line_height_tablet":0,"ocean_menu_typo_line_height_mobile":0,"ocean_menu_typo_line_height_unit":"","ocean_menu_typo_spacing":0,"ocean_menu_typo_spacing_tablet":0,"ocean_menu_typo_spacing_mobile":0,"ocean_menu_typo_spacing_unit":"","ocean_menu_link_color":"","ocean_menu_link_color_hover":"","ocean_menu_link_color_active":"","ocean_menu_link_background":"","ocean_menu_link_hover_background":"","ocean_menu_link_active_background":"","ocean_menu_social_links_bg":"","ocean_menu_social_hover_links_bg":"","ocean_menu_social_links_color":"","ocean_menu_social_hover_links_color":"","ocean_disable_title":"default","ocean_disable_heading":"default","ocean_post_title":"","ocean_post_subheading":"","ocean_post_title_style":"","ocean_post_title_background_color":"","ocean_post_title_background":0,"ocean_post_title_bg_image_position":"","ocean_post_title_bg_image_attachment":"","ocean_post_title_bg_image_repeat":"","ocean_post_title_bg_image_size":"","ocean_post_title_height":0,"ocean_post_title_bg_overlay":0.5,"ocean_post_title_bg_overlay_color":"","ocean_disable_breadcrumbs":"default","ocean_breadcrumbs_color":"","ocean_breadcrumbs_separator_color":"","ocean_breadcrumbs_links_color":"","ocean_breadcrumbs_links_hover_color":"","ocean_display_footer_widgets":"default","ocean_display_footer_bottom":"default","ocean_custom_footer_template":"0","footnotes":""},"class_list":["post-503","page","type-page","status-publish","hentry","entry","owp-thumbs-layout-horizontal","owp-btn-normal","owp-tabs-layout-horizontal","has-no-thumbnails","has-product-nav"],"yoast_head":"<!-- This site is optimized with the Yoast SEO plugin v25.6 - https:\/\/yoast.com\/wordpress\/plugins\/seo\/ -->\n<title>Les mentions l\u00e9gales du site de l&#039;association Obstinato<\/title>\n<meta name=\"description\" content=\"Retrouvez ici les cr\u00e9dits, les informations l\u00e9gales, les Conditions g\u00e9n\u00e9rales d\u2019utilisation du site et des services propos\u00e9s, etc.\" \/>\n<meta name=\"robots\" content=\"index, follow, max-snippet:-1, max-image-preview:large, max-video-preview:-1\" \/>\n<link rel=\"canonical\" href=\"https:\/\/obstinato.fr\/en\/mentions-legales\/\" \/>\n<meta property=\"og:locale\" content=\"en_GB\" \/>\n<meta property=\"og:type\" content=\"article\" \/>\n<meta property=\"og:title\" content=\"Les mentions l\u00e9gales du site de l&#039;association Obstinato\" \/>\n<meta property=\"og:description\" content=\"Retrouvez ici les cr\u00e9dits, les informations l\u00e9gales, les Conditions g\u00e9n\u00e9rales d\u2019utilisation du site et des services propos\u00e9s, etc.\" \/>\n<meta property=\"og:url\" content=\"https:\/\/obstinato.fr\/en\/mentions-legales\/\" \/>\n<meta property=\"og:site_name\" content=\"Obstinato\" \/>\n<meta property=\"article:modified_time\" content=\"2021-03-01T16:39:06+00:00\" \/>\n<meta name=\"twitter:card\" content=\"summary_large_image\" \/>\n<meta name=\"twitter:label1\" content=\"Estimated reading time\" \/>\n\t<meta name=\"twitter:data1\" content=\"2 minutes\" \/>\n<script type=\"application\/ld+json\" class=\"yoast-schema-graph\">{\"@context\":\"https:\/\/schema.org\",\"@graph\":[{\"@type\":\"WebPage\",\"@id\":\"https:\/\/obstinato.fr\/en\/mentions-legales\/\",\"url\":\"https:\/\/obstinato.fr\/en\/mentions-legales\/\",\"name\":\"Les mentions l\u00e9gales du site de l'association Obstinato\",\"isPartOf\":{\"@id\":\"https:\/\/obstinato.fr\/#website\"},\"datePublished\":\"2021-03-01T14:36:16+00:00\",\"dateModified\":\"2021-03-01T16:39:06+00:00\",\"description\":\"Retrouvez ici les cr\u00e9dits, les informations l\u00e9gales, les Conditions g\u00e9n\u00e9rales d\u2019utilisation du site et des services propos\u00e9s, etc.\",\"breadcrumb\":{\"@id\":\"https:\/\/obstinato.fr\/en\/mentions-legales\/#breadcrumb\"},\"inLanguage\":\"en-GB\",\"potentialAction\":[{\"@type\":\"ReadAction\",\"target\":[\"https:\/\/obstinato.fr\/en\/mentions-legales\/\"]}]},{\"@type\":\"BreadcrumbList\",\"@id\":\"https:\/\/obstinato.fr\/en\/mentions-legales\/#breadcrumb\",\"itemListElement\":[{\"@type\":\"ListItem\",\"position\":1,\"name\":\"Accueil\",\"item\":\"https:\/\/obstinato.fr\/\"},{\"@type\":\"ListItem\",\"position\":2,\"name\":\"Mentions l\u00e9gales\"}]},{\"@type\":\"WebSite\",\"@id\":\"https:\/\/obstinato.fr\/#website\",\"url\":\"https:\/\/obstinato.fr\/\",\"name\":\"Obstinato\",\"description\":\"Production &amp; Concerts\",\"publisher\":{\"@id\":\"https:\/\/obstinato.fr\/#organization\"},\"potentialAction\":[{\"@type\":\"SearchAction\",\"target\":{\"@type\":\"EntryPoint\",\"urlTemplate\":\"https:\/\/obstinato.fr\/?s={search_term_string}\"},\"query-input\":{\"@type\":\"PropertyValueSpecification\",\"valueRequired\":true,\"valueName\":\"search_term_string\"}}],\"inLanguage\":\"en-GB\"},{\"@type\":\"Organization\",\"@id\":\"https:\/\/obstinato.fr\/#organization\",\"name\":\"Obstinato\",\"url\":\"https:\/\/obstinato.fr\/\",\"logo\":{\"@type\":\"ImageObject\",\"inLanguage\":\"en-GB\",\"@id\":\"https:\/\/obstinato.fr\/#\/schema\/logo\/image\/\",\"url\":\"https:\/\/obstinato.fr\/wp-content\/uploads\/2021\/03\/logo-obstinato.png\",\"contentUrl\":\"https:\/\/obstinato.fr\/wp-content\/uploads\/2021\/03\/logo-obstinato.png\",\"width\":560,\"height\":212,\"caption\":\"Obstinato\"},\"image\":{\"@id\":\"https:\/\/obstinato.fr\/#\/schema\/logo\/image\/\"}}]}<\/script>\n<!-- \/ Yoast SEO plugin. -->","yoast_head_json":{"title":"Les mentions l\u00e9gales du site de l'association Obstinato","description":"Retrouvez ici les cr\u00e9dits, les informations l\u00e9gales, les Conditions g\u00e9n\u00e9rales d\u2019utilisation du site et des services propos\u00e9s, etc.","robots":{"index":"index","follow":"follow","max-snippet":"max-snippet:-1","max-image-preview":"max-image-preview:large","max-video-preview":"max-video-preview:-1"},"canonical":"https:\/\/obstinato.fr\/en\/mentions-legales\/","og_locale":"en_GB","og_type":"article","og_title":"Les mentions l\u00e9gales du site de l'association Obstinato","og_description":"Retrouvez ici les cr\u00e9dits, les informations l\u00e9gales, les Conditions g\u00e9n\u00e9rales d\u2019utilisation du site et des services propos\u00e9s, etc.","og_url":"https:\/\/obstinato.fr\/en\/mentions-legales\/","og_site_name":"Obstinato","article_modified_time":"2021-03-01T16:39:06+00:00","twitter_card":"summary_large_image","twitter_misc":{"Estimated reading time":"2 minutes"},"schema":{"@context":"https:\/\/schema.org","@graph":[{"@type":"WebPage","@id":"https:\/\/obstinato.fr\/en\/mentions-legales\/","url":"https:\/\/obstinato.fr\/en\/mentions-legales\/","name":"Les mentions l\u00e9gales du site de l'association Obstinato","isPartOf":{"@id":"https:\/\/obstinato.fr\/#website"},"datePublished":"2021-03-01T14:36:16+00:00","dateModified":"2021-03-01T16:39:06+00:00","description":"Retrouvez ici les cr\u00e9dits, les informations l\u00e9gales, les Conditions g\u00e9n\u00e9rales d\u2019utilisation du site et des services propos\u00e9s, etc.","breadcrumb":{"@id":"https:\/\/obstinato.fr\/en\/mentions-legales\/#breadcrumb"},"inLanguage":"en-GB","potentialAction":[{"@type":"ReadAction","target":["https:\/\/obstinato.fr\/en\/mentions-legales\/"]}]},{"@type":"BreadcrumbList","@id":"https:\/\/obstinato.fr\/en\/mentions-legales\/#breadcrumb","itemListElement":[{"@type":"ListItem","position":1,"name":"Accueil","item":"https:\/\/obstinato.fr\/"},{"@type":"ListItem","position":2,"name":"Mentions l\u00e9gales"}]},{"@type":"WebSite","@id":"https:\/\/obstinato.fr\/#website","url":"https:\/\/obstinato.fr\/","name":"Obstinato","description":"Production &amp; Concerts","publisher":{"@id":"https:\/\/obstinato.fr\/#organization"},"potentialAction":[{"@type":"SearchAction","target":{"@type":"EntryPoint","urlTemplate":"https:\/\/obstinato.fr\/?s={search_term_string}"},"query-input":{"@type":"PropertyValueSpecification","valueRequired":true,"valueName":"search_term_string"}}],"inLanguage":"en-GB"},{"@type":"Organization","@id":"https:\/\/obstinato.fr\/#organization","name":"Obstinato","url":"https:\/\/obstinato.fr\/","logo":{"@type":"ImageObject","inLanguage":"en-GB","@id":"https:\/\/obstinato.fr\/#\/schema\/logo\/image\/","url":"https:\/\/obstinato.fr\/wp-content\/uploads\/2021\/03\/logo-obstinato.png","contentUrl":"https:\/\/obstinato.fr\/wp-content\/uploads\/2021\/03\/logo-obstinato.png","width":560,"height":212,"caption":"Obstinato"},"image":{"@id":"https:\/\/obstinato.fr\/#\/schema\/logo\/image\/"}}]}},"_links":{"self":[{"href":"https:\/\/obstinato.fr\/en\/wp-json\/wp\/v2\/pages\/503"}],"collection":[{"href":"https:\/\/obstinato.fr\/en\/wp-json\/wp\/v2\/pages"}],"about":[{"href":"https:\/\/obstinato.fr\/en\/wp-json\/wp\/v2\/types\/page"}],"author":[{"embeddable":true,"href":"https:\/\/obstinato.fr\/en\/wp-json\/wp\/v2\/users\/1"}],"replies":[{"embeddable":true,"href":"https:\/\/obstinato.fr\/en\/wp-json\/wp\/v2\/comments?post=503"}],"version-history":[{"count":26,"href":"https:\/\/obstinato.fr\/en\/wp-json\/wp\/v2\/pages\/503\/revisions"}],"predecessor-version":[{"id":678,"href":"https:\/\/obstinato.fr\/en\/wp-json\/wp\/v2\/pages\/503\/revisions\/678"}],"wp:attachment":[{"href":"https:\/\/obstinato.fr\/en\/wp-json\/wp\/v2\/media?parent=503"}],"curies":[{"name":"wp","href":"https:\/\/api.w.org\/{rel}","templated":true}]}}