{"id":3445,"date":"2024-05-24T11:51:40","date_gmt":"2024-05-24T09:51:40","guid":{"rendered":"https:\/\/obstinato.fr\/?post_type=product&#038;p=3445"},"modified":"2024-12-04T11:26:36","modified_gmt":"2024-12-04T10:26:36","slug":"french-connection-vol-3-de-david-bressat","status":"publish","type":"product","link":"https:\/\/obstinato.fr\/en\/product\/french-connection-vol-3-de-david-bressat\/","title":{"rendered":"French Connection vol. 3 de David Bressat"},"content":{"rendered":"","protected":false},"excerpt":{"rendered":"<p>N\u00e9 sous la direction du pianiste\u00a0<b>David Bressat<\/b>\u00a0(\u00ab R\u00e9v\u00e9lation \u00bb\u00a0\u00a0Jazz Mag, \u00ab Must \u00bb TSF Jazz), le troisi\u00e8me volume de French Connection remet au go\u00fbt du jour plusieurs pi\u00e8ces d\u2019<b>illustres<\/b>\u00a0<b>compositeurs fran\u00e7ais<\/b>. \u00c0 la mani\u00e8re des standards am\u00e9ricains, il ravive les chansons et les airs qui ont berc\u00e9 notre enfance.<\/p>\n<p>Cet opus pr\u00e9sente huit nouvelles pi\u00e8ces et chansons fran\u00e7aises dont\u00a0<b>La Boh\u00e8me<\/b>\u00a0(Aznavour),\u00a0<b>Padam, padam<\/b>\u00a0(Piaf),\u00a0<b>C\u2019est si bon<\/b>\u00a0(Montant),\u00a0<b>Et si tu n\u2019existais pas\u00a0<\/b>(Dassin)\u2026\u00a0\u00a0huit morceaux magnifiquement revisit\u00e9s qui donnent un nouvel \u00e9clairage sur ce r\u00e9pertoire fran\u00e7ais.<\/p>\n<p>Cr\u00e9\u00e9 il y a 4 ans, ce trio r\u00e9unit des musiciens exigeants et complices :\u00a0<b>David Bressat\u00a0<\/b>est<b>\u00a0<\/b>au piano et aux arrangements,\u00a0<b>Charles Clayette<\/b>\u00a0\u00e0 la batterie et\u00a0<b>Thomas Belin<\/b>\u00a0\u00e0 la contrebasse.<\/p>\n<p>Pour parfaire cet album, le trio a invit\u00e9 trois musiciennes exceptionnelles :<\/p>\n<p>La violoniste <b>Caroline Bugala<\/b>\u00a0sur\u00a0<b>La belle vie<\/b>\u00a0(Distel), la chanteuse\u00a0<b>Lou Rivaille<\/b>\u00a0et la violoncelliste\u00a0<b>Maud Fournier<\/b>\u00a0sur\u00a0<b>Apr\u00e8s un r\u00eave<\/b>\u00a0(Faur\u00e9). Trois invit\u00e9es qui offrent leur talent et sensibilit\u00e9 au service de la French Connection !<\/p>","protected":false},"featured_media":3440,"comment_status":"closed","ping_status":"closed","template":"","meta":{"ocean_post_layout":"","ocean_both_sidebars_style":"","ocean_both_sidebars_content_width":0,"ocean_both_sidebars_sidebars_width":0,"ocean_sidebar":"0","ocean_second_sidebar":"0","ocean_disable_margins":"enable","ocean_add_body_class":"","ocean_shortcode_before_top_bar":"","ocean_shortcode_after_top_bar":"","ocean_shortcode_before_header":"","ocean_shortcode_after_header":"","ocean_has_shortcode":"","ocean_shortcode_after_title":"","ocean_shortcode_before_footer_widgets":"","ocean_shortcode_after_footer_widgets":"","ocean_shortcode_before_footer_bottom":"","ocean_shortcode_after_footer_bottom":"","ocean_display_top_bar":"default","ocean_display_header":"default","ocean_header_style":"","ocean_center_header_left_menu":"0","ocean_custom_header_template":"0","ocean_custom_logo":0,"ocean_custom_retina_logo":0,"ocean_custom_logo_max_width":0,"ocean_custom_logo_tablet_max_width":0,"ocean_custom_logo_mobile_max_width":0,"ocean_custom_logo_max_height":0,"ocean_custom_logo_tablet_max_height":0,"ocean_custom_logo_mobile_max_height":0,"ocean_header_custom_menu":"0","ocean_menu_typo_font_family":"0","ocean_menu_typo_font_subset":"","ocean_menu_typo_font_size":0,"ocean_menu_typo_font_size_tablet":0,"ocean_menu_typo_font_size_mobile":0,"ocean_menu_typo_font_size_unit":"px","ocean_menu_typo_font_weight":"","ocean_menu_typo_font_weight_tablet":"","ocean_menu_typo_font_weight_mobile":"","ocean_menu_typo_transform":"","ocean_menu_typo_transform_tablet":"","ocean_menu_typo_transform_mobile":"","ocean_menu_typo_line_height":0,"ocean_menu_typo_line_height_tablet":0,"ocean_menu_typo_line_height_mobile":0,"ocean_menu_typo_line_height_unit":"","ocean_menu_typo_spacing":0,"ocean_menu_typo_spacing_tablet":0,"ocean_menu_typo_spacing_mobile":0,"ocean_menu_typo_spacing_unit":"","ocean_menu_link_color":"","ocean_menu_link_color_hover":"","ocean_menu_link_color_active":"","ocean_menu_link_background":"","ocean_menu_link_hover_background":"","ocean_menu_link_active_background":"","ocean_menu_social_links_bg":"","ocean_menu_social_hover_links_bg":"","ocean_menu_social_links_color":"","ocean_menu_social_hover_links_color":"","ocean_disable_title":"default","ocean_disable_heading":"default","ocean_post_title":"","ocean_post_subheading":"","ocean_post_title_style":"","ocean_post_title_background_color":"","ocean_post_title_background":0,"ocean_post_title_bg_image_position":"","ocean_post_title_bg_image_attachment":"","ocean_post_title_bg_image_repeat":"","ocean_post_title_bg_image_size":"","ocean_post_title_height":0,"ocean_post_title_bg_overlay":0.5,"ocean_post_title_bg_overlay_color":"","ocean_disable_breadcrumbs":"default","ocean_breadcrumbs_color":"","ocean_breadcrumbs_separator_color":"","ocean_breadcrumbs_links_color":"","ocean_breadcrumbs_links_hover_color":"","ocean_display_footer_widgets":"default","ocean_display_footer_bottom":"default","ocean_custom_footer_template":"0"},"product_brand":[],"product_cat":[63],"product_tag":[],"class_list":{"0":"post-3445","1":"product","2":"type-product","3":"status-publish","4":"has-post-thumbnail","6":"product_cat-non-classe","7":"product_shipping_class-cd","9":"entry","10":"has-media","12":"first","13":"instock","14":"shipping-taxable","15":"purchasable","16":"product-type-simple","17":"has-product-nav","18":"col","19":"span_1_of_3","20":"owp-content-center","21":"owp-thumbs-layout-horizontal","22":"owp-btn-normal","23":"owp-tabs-layout-horizontal","24":"has-no-thumbnails"},"yoast_head":"<!-- This site is optimized with the Yoast SEO plugin v25.6 - https:\/\/yoast.com\/wordpress\/plugins\/seo\/ -->\n<title>French Connection vol. 3 de David Bressat - Obstinato<\/title>\n<meta name=\"robots\" content=\"index, follow, max-snippet:-1, max-image-preview:large, max-video-preview:-1\" \/>\n<link rel=\"canonical\" href=\"https:\/\/obstinato.fr\/en\/product\/french-connection-vol-3-de-david-bressat\/\" \/>\n<meta property=\"og:locale\" content=\"en_GB\" \/>\n<meta property=\"og:type\" content=\"article\" \/>\n<meta property=\"og:title\" content=\"French Connection vol. 3 de David Bressat - Obstinato\" \/>\n<meta property=\"og:description\" content=\"N\u00e9 sous la direction du pianiste\u00a0David Bressat\u00a0(\u00ab R\u00e9v\u00e9lation \u00bb\u00a0\u00a0Jazz Mag, \u00ab Must \u00bb TSF Jazz), le troisi\u00e8me volume de French Connection remet au go\u00fbt du jour plusieurs pi\u00e8ces d\u2019illustres\u00a0compositeurs fran\u00e7ais. \u00c0 la mani\u00e8re des standards am\u00e9ricains, il ravive les chansons et les airs qui ont berc\u00e9 notre enfance.  Cet opus pr\u00e9sente huit nouvelles pi\u00e8ces et chansons fran\u00e7aises dont\u00a0La Boh\u00e8me\u00a0(Aznavour),\u00a0Padam, padam\u00a0(Piaf),\u00a0C\u2019est si bon\u00a0(Montant),\u00a0Et si tu n\u2019existais pas\u00a0(Dassin)\u2026\u00a0\u00a0huit morceaux magnifiquement revisit\u00e9s qui donnent un nouvel \u00e9clairage sur ce r\u00e9pertoire fran\u00e7ais.  Cr\u00e9\u00e9 il y a 4 ans, ce trio r\u00e9unit des musiciens exigeants et complices :\u00a0David Bressat\u00a0est\u00a0au piano et aux arrangements,\u00a0Charles Clayette\u00a0\u00e0 la batterie et\u00a0Thomas Belin\u00a0\u00e0 la contrebasse.  Pour parfaire cet album, le trio a invit\u00e9 trois musiciennes exceptionnelles :  La violoniste Caroline Bugala\u00a0sur\u00a0La belle vie\u00a0(Distel), la chanteuse\u00a0Lou Rivaille\u00a0et la violoncelliste\u00a0Maud Fournier\u00a0sur\u00a0Apr\u00e8s un r\u00eave\u00a0(Faur\u00e9). Trois invit\u00e9es qui offrent leur talent et sensibilit\u00e9 au service de la French Connection !\" \/>\n<meta property=\"og:url\" content=\"https:\/\/obstinato.fr\/en\/product\/french-connection-vol-3-de-david-bressat\/\" \/>\n<meta property=\"og:site_name\" content=\"Obstinato\" \/>\n<meta property=\"article:modified_time\" content=\"2024-12-04T10:26:36+00:00\" \/>\n<meta property=\"og:image\" content=\"https:\/\/obstinato.fr\/wp-content\/uploads\/2024\/05\/Pochette-French-Connection.jpg\" \/>\n\t<meta property=\"og:image:width\" content=\"1815\" \/>\n\t<meta property=\"og:image:height\" content=\"1814\" \/>\n\t<meta property=\"og:image:type\" content=\"image\/jpeg\" \/>\n<meta name=\"twitter:card\" content=\"summary_large_image\" \/>\n<meta name=\"twitter:label1\" content=\"Estimated reading time\" \/>\n\t<meta name=\"twitter:data1\" content=\"1 minute\" \/>\n<script type=\"application\/ld+json\" class=\"yoast-schema-graph\">{\"@context\":\"https:\/\/schema.org\",\"@graph\":[{\"@type\":\"WebPage\",\"@id\":\"https:\/\/obstinato.fr\/produit\/french-connection-vol-3-de-david-bressat\/\",\"url\":\"https:\/\/obstinato.fr\/produit\/french-connection-vol-3-de-david-bressat\/\",\"name\":\"French Connection vol. 3 de David Bressat - Obstinato\",\"isPartOf\":{\"@id\":\"https:\/\/obstinato.fr\/#website\"},\"primaryImageOfPage\":{\"@id\":\"https:\/\/obstinato.fr\/produit\/french-connection-vol-3-de-david-bressat\/#primaryimage\"},\"image\":{\"@id\":\"https:\/\/obstinato.fr\/produit\/french-connection-vol-3-de-david-bressat\/#primaryimage\"},\"thumbnailUrl\":\"https:\/\/obstinato.fr\/wp-content\/uploads\/2024\/05\/Pochette-French-Connection.jpg\",\"datePublished\":\"2024-05-24T09:51:40+00:00\",\"dateModified\":\"2024-12-04T10:26:36+00:00\",\"breadcrumb\":{\"@id\":\"https:\/\/obstinato.fr\/produit\/french-connection-vol-3-de-david-bressat\/#breadcrumb\"},\"inLanguage\":\"en-GB\",\"potentialAction\":[{\"@type\":\"ReadAction\",\"target\":[\"https:\/\/obstinato.fr\/produit\/french-connection-vol-3-de-david-bressat\/\"]}]},{\"@type\":\"ImageObject\",\"inLanguage\":\"en-GB\",\"@id\":\"https:\/\/obstinato.fr\/produit\/french-connection-vol-3-de-david-bressat\/#primaryimage\",\"url\":\"https:\/\/obstinato.fr\/wp-content\/uploads\/2024\/05\/Pochette-French-Connection.jpg\",\"contentUrl\":\"https:\/\/obstinato.fr\/wp-content\/uploads\/2024\/05\/Pochette-French-Connection.jpg\",\"width\":1815,\"height\":1814},{\"@type\":\"BreadcrumbList\",\"@id\":\"https:\/\/obstinato.fr\/produit\/french-connection-vol-3-de-david-bressat\/#breadcrumb\",\"itemListElement\":[{\"@type\":\"ListItem\",\"position\":1,\"name\":\"Accueil\",\"item\":\"https:\/\/obstinato.fr\/\"},{\"@type\":\"ListItem\",\"position\":2,\"name\":\"Produits\",\"item\":\"https:\/\/obstinato.fr\/boutique\/\"},{\"@type\":\"ListItem\",\"position\":3,\"name\":\"French Connection vol. 3 de David Bressat\"}]},{\"@type\":\"WebSite\",\"@id\":\"https:\/\/obstinato.fr\/#website\",\"url\":\"https:\/\/obstinato.fr\/\",\"name\":\"Obstinato\",\"description\":\"Production &amp; Concerts\",\"publisher\":{\"@id\":\"https:\/\/obstinato.fr\/#organization\"},\"potentialAction\":[{\"@type\":\"SearchAction\",\"target\":{\"@type\":\"EntryPoint\",\"urlTemplate\":\"https:\/\/obstinato.fr\/?s={search_term_string}\"},\"query-input\":{\"@type\":\"PropertyValueSpecification\",\"valueRequired\":true,\"valueName\":\"search_term_string\"}}],\"inLanguage\":\"en-GB\"},{\"@type\":\"Organization\",\"@id\":\"https:\/\/obstinato.fr\/#organization\",\"name\":\"Obstinato\",\"url\":\"https:\/\/obstinato.fr\/\",\"logo\":{\"@type\":\"ImageObject\",\"inLanguage\":\"en-GB\",\"@id\":\"https:\/\/obstinato.fr\/#\/schema\/logo\/image\/\",\"url\":\"https:\/\/obstinato.fr\/wp-content\/uploads\/2021\/03\/logo-obstinato.png\",\"contentUrl\":\"https:\/\/obstinato.fr\/wp-content\/uploads\/2021\/03\/logo-obstinato.png\",\"width\":560,\"height\":212,\"caption\":\"Obstinato\"},\"image\":{\"@id\":\"https:\/\/obstinato.fr\/#\/schema\/logo\/image\/\"}}]}<\/script>\n<!-- \/ Yoast SEO plugin. -->","yoast_head_json":{"title":"French Connection vol. 3 de David Bressat - Obstinato","robots":{"index":"index","follow":"follow","max-snippet":"max-snippet:-1","max-image-preview":"max-image-preview:large","max-video-preview":"max-video-preview:-1"},"canonical":"https:\/\/obstinato.fr\/en\/product\/french-connection-vol-3-de-david-bressat\/","og_locale":"en_GB","og_type":"article","og_title":"French Connection vol. 3 de David Bressat - Obstinato","og_description":"N\u00e9 sous la direction du pianiste\u00a0David Bressat\u00a0(\u00ab R\u00e9v\u00e9lation \u00bb\u00a0\u00a0Jazz Mag, \u00ab Must \u00bb TSF Jazz), le troisi\u00e8me volume de French Connection remet au go\u00fbt du jour plusieurs pi\u00e8ces d\u2019illustres\u00a0compositeurs fran\u00e7ais. \u00c0 la mani\u00e8re des standards am\u00e9ricains, il ravive les chansons et les airs qui ont berc\u00e9 notre enfance.  Cet opus pr\u00e9sente huit nouvelles pi\u00e8ces et chansons fran\u00e7aises dont\u00a0La Boh\u00e8me\u00a0(Aznavour),\u00a0Padam, padam\u00a0(Piaf),\u00a0C\u2019est si bon\u00a0(Montant),\u00a0Et si tu n\u2019existais pas\u00a0(Dassin)\u2026\u00a0\u00a0huit morceaux magnifiquement revisit\u00e9s qui donnent un nouvel \u00e9clairage sur ce r\u00e9pertoire fran\u00e7ais.  Cr\u00e9\u00e9 il y a 4 ans, ce trio r\u00e9unit des musiciens exigeants et complices :\u00a0David Bressat\u00a0est\u00a0au piano et aux arrangements,\u00a0Charles Clayette\u00a0\u00e0 la batterie et\u00a0Thomas Belin\u00a0\u00e0 la contrebasse.  Pour parfaire cet album, le trio a invit\u00e9 trois musiciennes exceptionnelles :  La violoniste Caroline Bugala\u00a0sur\u00a0La belle vie\u00a0(Distel), la chanteuse\u00a0Lou Rivaille\u00a0et la violoncelliste\u00a0Maud Fournier\u00a0sur\u00a0Apr\u00e8s un r\u00eave\u00a0(Faur\u00e9). Trois invit\u00e9es qui offrent leur talent et sensibilit\u00e9 au service de la French Connection !","og_url":"https:\/\/obstinato.fr\/en\/product\/french-connection-vol-3-de-david-bressat\/","og_site_name":"Obstinato","article_modified_time":"2024-12-04T10:26:36+00:00","og_image":[{"width":1815,"height":1814,"url":"https:\/\/obstinato.fr\/wp-content\/uploads\/2024\/05\/Pochette-French-Connection.jpg","type":"image\/jpeg"}],"twitter_card":"summary_large_image","twitter_misc":{"Estimated reading time":"1 minute"},"schema":{"@context":"https:\/\/schema.org","@graph":[{"@type":"WebPage","@id":"https:\/\/obstinato.fr\/produit\/french-connection-vol-3-de-david-bressat\/","url":"https:\/\/obstinato.fr\/produit\/french-connection-vol-3-de-david-bressat\/","name":"French Connection vol. 3 de David Bressat - Obstinato","isPartOf":{"@id":"https:\/\/obstinato.fr\/#website"},"primaryImageOfPage":{"@id":"https:\/\/obstinato.fr\/produit\/french-connection-vol-3-de-david-bressat\/#primaryimage"},"image":{"@id":"https:\/\/obstinato.fr\/produit\/french-connection-vol-3-de-david-bressat\/#primaryimage"},"thumbnailUrl":"https:\/\/obstinato.fr\/wp-content\/uploads\/2024\/05\/Pochette-French-Connection.jpg","datePublished":"2024-05-24T09:51:40+00:00","dateModified":"2024-12-04T10:26:36+00:00","breadcrumb":{"@id":"https:\/\/obstinato.fr\/produit\/french-connection-vol-3-de-david-bressat\/#breadcrumb"},"inLanguage":"en-GB","potentialAction":[{"@type":"ReadAction","target":["https:\/\/obstinato.fr\/produit\/french-connection-vol-3-de-david-bressat\/"]}]},{"@type":"ImageObject","inLanguage":"en-GB","@id":"https:\/\/obstinato.fr\/produit\/french-connection-vol-3-de-david-bressat\/#primaryimage","url":"https:\/\/obstinato.fr\/wp-content\/uploads\/2024\/05\/Pochette-French-Connection.jpg","contentUrl":"https:\/\/obstinato.fr\/wp-content\/uploads\/2024\/05\/Pochette-French-Connection.jpg","width":1815,"height":1814},{"@type":"BreadcrumbList","@id":"https:\/\/obstinato.fr\/produit\/french-connection-vol-3-de-david-bressat\/#breadcrumb","itemListElement":[{"@type":"ListItem","position":1,"name":"Accueil","item":"https:\/\/obstinato.fr\/"},{"@type":"ListItem","position":2,"name":"Produits","item":"https:\/\/obstinato.fr\/boutique\/"},{"@type":"ListItem","position":3,"name":"French Connection vol. 3 de David Bressat"}]},{"@type":"WebSite","@id":"https:\/\/obstinato.fr\/#website","url":"https:\/\/obstinato.fr\/","name":"Obstinato","description":"Production &amp; Concerts","publisher":{"@id":"https:\/\/obstinato.fr\/#organization"},"potentialAction":[{"@type":"SearchAction","target":{"@type":"EntryPoint","urlTemplate":"https:\/\/obstinato.fr\/?s={search_term_string}"},"query-input":{"@type":"PropertyValueSpecification","valueRequired":true,"valueName":"search_term_string"}}],"inLanguage":"en-GB"},{"@type":"Organization","@id":"https:\/\/obstinato.fr\/#organization","name":"Obstinato","url":"https:\/\/obstinato.fr\/","logo":{"@type":"ImageObject","inLanguage":"en-GB","@id":"https:\/\/obstinato.fr\/#\/schema\/logo\/image\/","url":"https:\/\/obstinato.fr\/wp-content\/uploads\/2021\/03\/logo-obstinato.png","contentUrl":"https:\/\/obstinato.fr\/wp-content\/uploads\/2021\/03\/logo-obstinato.png","width":560,"height":212,"caption":"Obstinato"},"image":{"@id":"https:\/\/obstinato.fr\/#\/schema\/logo\/image\/"}}]}},"_links":{"self":[{"href":"https:\/\/obstinato.fr\/en\/wp-json\/wp\/v2\/product\/3445"}],"collection":[{"href":"https:\/\/obstinato.fr\/en\/wp-json\/wp\/v2\/product"}],"about":[{"href":"https:\/\/obstinato.fr\/en\/wp-json\/wp\/v2\/types\/product"}],"replies":[{"embeddable":true,"href":"https:\/\/obstinato.fr\/en\/wp-json\/wp\/v2\/comments?post=3445"}],"wp:featuredmedia":[{"embeddable":true,"href":"https:\/\/obstinato.fr\/en\/wp-json\/wp\/v2\/media\/3440"}],"wp:attachment":[{"href":"https:\/\/obstinato.fr\/en\/wp-json\/wp\/v2\/media?parent=3445"}],"wp:term":[{"taxonomy":"product_brand","embeddable":true,"href":"https:\/\/obstinato.fr\/en\/wp-json\/wp\/v2\/product_brand?post=3445"},{"taxonomy":"product_cat","embeddable":true,"href":"https:\/\/obstinato.fr\/en\/wp-json\/wp\/v2\/product_cat?post=3445"},{"taxonomy":"product_tag","embeddable":true,"href":"https:\/\/obstinato.fr\/en\/wp-json\/wp\/v2\/product_tag?post=3445"}],"curies":[{"name":"wp","href":"https:\/\/api.w.org\/{rel}","templated":true}]}}